{"id":1425,"date":"2023-02-21T08:53:51","date_gmt":"2023-02-21T08:53:51","guid":{"rendered":"https:\/\/www.mm-therapiepraxis.ch\/?page_id=1425"},"modified":"2023-02-21T09:22:22","modified_gmt":"2023-02-21T09:22:22","slug":"elementor-1425","status":"publish","type":"page","link":"https:\/\/www.mm-therapiepraxis.ch\/?page_id=1425","title":{"rendered":"\u00dcber mich"},"content":{"rendered":"\t\t<div data-elementor-type=\"wp-page\" data-elementor-id=\"1425\" class=\"elementor elementor-1425\" data-elementor-post-type=\"page\">\n\t\t\t\t\t\t<section class=\"elementor-section elementor-top-section elementor-element elementor-element-902172e elementor-section-boxed elementor-section-height-default elementor-section-height-default\" data-id=\"902172e\" data-element_type=\"section\" data-e-type=\"section\">\n\t\t\t\t\t\t<div class=\"elementor-container elementor-column-gap-default\">\n\t\t\t\t\t<div class=\"elementor-column elementor-col-100 elementor-top-column elementor-element elementor-element-759ef15\" data-id=\"759ef15\" data-element_type=\"column\" data-e-type=\"column\">\n\t\t\t<div class=\"elementor-widget-wrap elementor-element-populated\">\n\t\t\t\t\t\t<div class=\"elementor-element elementor-element-d0133f4 elementor-nav-menu__align-end elementor-nav-menu--stretch elementor-nav-menu--dropdown-tablet elementor-nav-menu__text-align-aside elementor-nav-menu--toggle elementor-nav-menu--burger elementor-widget elementor-widget-global elementor-global-751 elementor-widget-nav-menu\" data-id=\"d0133f4\" data-element_type=\"widget\" data-e-type=\"widget\" data-settings=\"{&quot;full_width&quot;:&quot;stretch&quot;,&quot;submenu_icon&quot;:{&quot;value&quot;:&quot;fas fa-angle-down&quot;,&quot;library&quot;:&quot;fa-solid&quot;},&quot;layout&quot;:&quot;horizontal&quot;,&quot;toggle&quot;:&quot;burger&quot;}\" data-widget_type=\"nav-menu.default\">\n\t\t\t\t<div class=\"elementor-widget-container\">\n\t\t\t\t\t\t\t\t<nav aria-label=\"Men\u00fc\" class=\"elementor-nav-menu--main elementor-nav-menu__container elementor-nav-menu--layout-horizontal e--pointer-none\">\n\t\t\t\t<ul id=\"menu-1-d0133f4\" class=\"elementor-nav-menu\"><li class=\"menu-item menu-item-type-post_type menu-item-object-page menu-item-home menu-item-593\"><a href=\"https:\/\/www.mm-therapiepraxis.ch\/\" class=\"elementor-item\">MM-Therapiepraxis.ch<\/a><\/li>\n<li class=\"menu-item menu-item-type-post_type menu-item-object-page menu-item-has-children menu-item-143\"><a href=\"https:\/\/www.mm-therapiepraxis.ch\/?page_id=18\" class=\"elementor-item\">Therapie &#038; Massage<\/a>\n<ul class=\"sub-menu elementor-nav-menu--dropdown\">\n\t<li class=\"menu-item menu-item-type-post_type menu-item-object-page menu-item-776\"><a href=\"https:\/\/www.mm-therapiepraxis.ch\/?page_id=19\" class=\"elementor-sub-item\">Triggerpunkt-Therapie<\/a><\/li>\n\t<li class=\"menu-item menu-item-type-post_type menu-item-object-page menu-item-781\"><a href=\"https:\/\/www.mm-therapiepraxis.ch\/?page_id=20\" class=\"elementor-sub-item\">Tiefenmassage<\/a><\/li>\n\t<li class=\"menu-item menu-item-type-post_type menu-item-object-page menu-item-780\"><a href=\"https:\/\/www.mm-therapiepraxis.ch\/?page_id=21\" class=\"elementor-sub-item\">Fussreflexzonenmassage<\/a><\/li>\n\t<li class=\"menu-item menu-item-type-post_type menu-item-object-page menu-item-779\"><a href=\"https:\/\/www.mm-therapiepraxis.ch\/?page_id=22\" class=\"elementor-sub-item\">Dorn-Breuss-Therapie<\/a><\/li>\n\t<li class=\"menu-item menu-item-type-post_type menu-item-object-page menu-item-has-children menu-item-777\"><a href=\"https:\/\/www.mm-therapiepraxis.ch\/?page_id=24\" class=\"elementor-sub-item\">Klassische Massage<\/a>\n\t<ul class=\"sub-menu elementor-nav-menu--dropdown\">\n\t\t<li class=\"menu-item menu-item-type-post_type menu-item-object-page menu-item-1052\"><a href=\"https:\/\/www.mm-therapiepraxis.ch\/?page_id=1033\" class=\"elementor-sub-item\">Kopfschmerzen und Migr\u00e4ne<\/a><\/li>\n\t\t<li class=\"menu-item menu-item-type-post_type menu-item-object-page menu-item-1500\"><a href=\"https:\/\/www.mm-therapiepraxis.ch\/?page_id=1476\" class=\"elementor-sub-item\">Fatigue-Syndrom<\/a><\/li>\n\t<\/ul>\n<\/li>\n\t<li class=\"menu-item menu-item-type-post_type menu-item-object-page menu-item-1470\"><a href=\"https:\/\/www.mm-therapiepraxis.ch\/?page_id=1456\" class=\"elementor-sub-item\">Lymphdrainage<\/a><\/li>\n\t<li class=\"menu-item menu-item-type-post_type menu-item-object-page menu-item-1512\"><a href=\"https:\/\/www.mm-therapiepraxis.ch\/?page_id=1502\" class=\"elementor-sub-item\">Andullation<\/a><\/li>\n\t<li class=\"menu-item menu-item-type-post_type menu-item-object-page menu-item-150\"><a href=\"https:\/\/www.mm-therapiepraxis.ch\/?page_id=133\" class=\"elementor-sub-item\">Specials<\/a><\/li>\n<\/ul>\n<\/li>\n<li class=\"menu-item menu-item-type-post_type menu-item-object-page menu-item-1084\"><a href=\"https:\/\/www.mm-therapiepraxis.ch\/?page_id=1075\" class=\"elementor-item\">Krankenkasse<\/a><\/li>\n<li class=\"menu-item menu-item-type-post_type menu-item-object-page menu-item-has-children menu-item-1431\"><a href=\"https:\/\/www.mm-therapiepraxis.ch\/?page_id=1425\" class=\"elementor-item\">\u00dcber mich<\/a>\n<ul class=\"sub-menu elementor-nav-menu--dropdown\">\n\t<li class=\"menu-item menu-item-type-post_type menu-item-object-page menu-item-144\"><a href=\"https:\/\/www.mm-therapiepraxis.ch\/?page_id=16\" class=\"elementor-sub-item\">\u00dcber mich<\/a><\/li>\n\t<li class=\"menu-item menu-item-type-post_type menu-item-object-page menu-item-145\"><a href=\"https:\/\/www.mm-therapiepraxis.ch\/?page_id=17\" class=\"elementor-sub-item\">CV<\/a><\/li>\n<\/ul>\n<\/li>\n<li class=\"menu-item menu-item-type-post_type menu-item-object-page menu-item-has-children menu-item-149\"><a href=\"https:\/\/www.mm-therapiepraxis.ch\/?page_id=132\" class=\"elementor-item\">Kontakt<\/a>\n<ul class=\"sub-menu elementor-nav-menu--dropdown\">\n\t<li class=\"menu-item menu-item-type-post_type menu-item-object-page menu-item-1331\"><a href=\"https:\/\/www.mm-therapiepraxis.ch\/?page_id=1319\" class=\"elementor-sub-item\">Impressum<\/a><\/li>\n<\/ul>\n<\/li>\n<\/ul>\t\t\t<\/nav>\n\t\t\t\t\t<div class=\"elementor-menu-toggle\" role=\"button\" tabindex=\"0\" aria-label=\"Men\u00fc Umschalter\" aria-expanded=\"false\">\n\t\t\t<i aria-hidden=\"true\" role=\"presentation\" class=\"elementor-menu-toggle__icon--open eicon-menu-bar\"><\/i><i aria-hidden=\"true\" role=\"presentation\" class=\"elementor-menu-toggle__icon--close eicon-close\"><\/i>\t\t<\/div>\n\t\t\t\t\t<nav class=\"elementor-nav-menu--dropdown elementor-nav-menu__container\" aria-hidden=\"true\">\n\t\t\t\t<ul id=\"menu-2-d0133f4\" class=\"elementor-nav-menu\"><li class=\"menu-item menu-item-type-post_type menu-item-object-page menu-item-home menu-item-593\"><a href=\"https:\/\/www.mm-therapiepraxis.ch\/\" class=\"elementor-item\" tabindex=\"-1\">MM-Therapiepraxis.ch<\/a><\/li>\n<li class=\"menu-item menu-item-type-post_type menu-item-object-page menu-item-has-children menu-item-143\"><a href=\"https:\/\/www.mm-therapiepraxis.ch\/?page_id=18\" class=\"elementor-item\" tabindex=\"-1\">Therapie &#038; Massage<\/a>\n<ul class=\"sub-menu elementor-nav-menu--dropdown\">\n\t<li class=\"menu-item menu-item-type-post_type menu-item-object-page menu-item-776\"><a href=\"https:\/\/www.mm-therapiepraxis.ch\/?page_id=19\" class=\"elementor-sub-item\" tabindex=\"-1\">Triggerpunkt-Therapie<\/a><\/li>\n\t<li class=\"menu-item menu-item-type-post_type menu-item-object-page menu-item-781\"><a href=\"https:\/\/www.mm-therapiepraxis.ch\/?page_id=20\" class=\"elementor-sub-item\" tabindex=\"-1\">Tiefenmassage<\/a><\/li>\n\t<li class=\"menu-item menu-item-type-post_type menu-item-object-page menu-item-780\"><a href=\"https:\/\/www.mm-therapiepraxis.ch\/?page_id=21\" class=\"elementor-sub-item\" tabindex=\"-1\">Fussreflexzonenmassage<\/a><\/li>\n\t<li class=\"menu-item menu-item-type-post_type menu-item-object-page menu-item-779\"><a href=\"https:\/\/www.mm-therapiepraxis.ch\/?page_id=22\" class=\"elementor-sub-item\" tabindex=\"-1\">Dorn-Breuss-Therapie<\/a><\/li>\n\t<li class=\"menu-item menu-item-type-post_type menu-item-object-page menu-item-has-children menu-item-777\"><a href=\"https:\/\/www.mm-therapiepraxis.ch\/?page_id=24\" class=\"elementor-sub-item\" tabindex=\"-1\">Klassische Massage<\/a>\n\t<ul class=\"sub-menu elementor-nav-menu--dropdown\">\n\t\t<li class=\"menu-item menu-item-type-post_type menu-item-object-page menu-item-1052\"><a href=\"https:\/\/www.mm-therapiepraxis.ch\/?page_id=1033\" class=\"elementor-sub-item\" tabindex=\"-1\">Kopfschmerzen und Migr\u00e4ne<\/a><\/li>\n\t\t<li class=\"menu-item menu-item-type-post_type menu-item-object-page menu-item-1500\"><a href=\"https:\/\/www.mm-therapiepraxis.ch\/?page_id=1476\" class=\"elementor-sub-item\" tabindex=\"-1\">Fatigue-Syndrom<\/a><\/li>\n\t<\/ul>\n<\/li>\n\t<li class=\"menu-item menu-item-type-post_type menu-item-object-page menu-item-1470\"><a href=\"https:\/\/www.mm-therapiepraxis.ch\/?page_id=1456\" class=\"elementor-sub-item\" tabindex=\"-1\">Lymphdrainage<\/a><\/li>\n\t<li class=\"menu-item menu-item-type-post_type menu-item-object-page menu-item-1512\"><a href=\"https:\/\/www.mm-therapiepraxis.ch\/?page_id=1502\" class=\"elementor-sub-item\" tabindex=\"-1\">Andullation<\/a><\/li>\n\t<li class=\"menu-item menu-item-type-post_type menu-item-object-page menu-item-150\"><a href=\"https:\/\/www.mm-therapiepraxis.ch\/?page_id=133\" class=\"elementor-sub-item\" tabindex=\"-1\">Specials<\/a><\/li>\n<\/ul>\n<\/li>\n<li class=\"menu-item menu-item-type-post_type menu-item-object-page menu-item-1084\"><a href=\"https:\/\/www.mm-therapiepraxis.ch\/?page_id=1075\" class=\"elementor-item\" tabindex=\"-1\">Krankenkasse<\/a><\/li>\n<li class=\"menu-item menu-item-type-post_type menu-item-object-page menu-item-has-children menu-item-1431\"><a href=\"https:\/\/www.mm-therapiepraxis.ch\/?page_id=1425\" class=\"elementor-item\" tabindex=\"-1\">\u00dcber mich<\/a>\n<ul class=\"sub-menu elementor-nav-menu--dropdown\">\n\t<li class=\"menu-item menu-item-type-post_type menu-item-object-page menu-item-144\"><a href=\"https:\/\/www.mm-therapiepraxis.ch\/?page_id=16\" class=\"elementor-sub-item\" tabindex=\"-1\">\u00dcber mich<\/a><\/li>\n\t<li class=\"menu-item menu-item-type-post_type menu-item-object-page menu-item-145\"><a href=\"https:\/\/www.mm-therapiepraxis.ch\/?page_id=17\" class=\"elementor-sub-item\" tabindex=\"-1\">CV<\/a><\/li>\n<\/ul>\n<\/li>\n<li class=\"menu-item menu-item-type-post_type menu-item-object-page menu-item-has-children menu-item-149\"><a href=\"https:\/\/www.mm-therapiepraxis.ch\/?page_id=132\" class=\"elementor-item\" tabindex=\"-1\">Kontakt<\/a>\n<ul class=\"sub-menu elementor-nav-menu--dropdown\">\n\t<li class=\"menu-item menu-item-type-post_type menu-item-object-page menu-item-1331\"><a href=\"https:\/\/www.mm-therapiepraxis.ch\/?page_id=1319\" class=\"elementor-sub-item\" tabindex=\"-1\">Impressum<\/a><\/li>\n<\/ul>\n<\/li>\n<\/ul>\t\t\t<\/nav>\n\t\t\t\t\t\t<\/div>\n\t\t\t\t<\/div>\n\t\t\t\t\t<\/div>\n\t\t<\/div>\n\t\t\t\t\t<\/div>\n\t\t<\/section>\n\t\t\t\t<section class=\"elementor-section elementor-top-section elementor-element elementor-element-26003f3 elementor-section-boxed elementor-section-height-default elementor-section-height-default\" data-id=\"26003f3\" data-element_type=\"section\" data-e-type=\"section\">\n\t\t\t\t\t\t<div class=\"elementor-container elementor-column-gap-default\">\n\t\t\t\t\t<div class=\"elementor-column elementor-col-100 elementor-top-column elementor-element elementor-element-2f3b9ec\" data-id=\"2f3b9ec\" data-element_type=\"column\" data-e-type=\"column\">\n\t\t\t<div class=\"elementor-widget-wrap elementor-element-populated\">\n\t\t\t\t\t\t\t<\/div>\n\t\t<\/div>\n\t\t\t\t\t<\/div>\n\t\t<\/section>\n\t\t\t\t<section class=\"elementor-section elementor-top-section elementor-element elementor-element-0886c8c elementor-section-boxed elementor-section-height-default elementor-section-height-default\" data-id=\"0886c8c\" data-element_type=\"section\" data-e-type=\"section\">\n\t\t\t\t\t\t<div class=\"elementor-container elementor-column-gap-default\">\n\t\t\t\t\t<div class=\"elementor-column elementor-col-33 elementor-top-column elementor-element elementor-element-feb8a01\" data-id=\"feb8a01\" data-element_type=\"column\" data-e-type=\"column\">\n\t\t\t<div class=\"elementor-widget-wrap elementor-element-populated\">\n\t\t\t\t\t\t<div class=\"elementor-element elementor-element-da0ae20 elementor-widget elementor-widget-text-editor\" data-id=\"da0ae20\" data-element_type=\"widget\" data-e-type=\"widget\" data-widget_type=\"text-editor.default\">\n\t\t\t\t<div class=\"elementor-widget-container\">\n\t\t\t\t\t\t\t\t\t<h1 class=\"elementor-heading-title elementor-size-default elementor-inline-editing pen\" style=\"font-family: var( --e-global-typography-primary-font-family ), Sans-serif; font-weight: var( --e-global-typography-primary-font-weight ); font-size: var( --e-global-typography-primary-font-size ); line-height: var( --e-global-typography-primary-line-height ); text-transform: none; font-style: normal; text-decoration-thickness: initial; text-decoration-style: initial; text-decoration-color: initial; letter-spacing: normal; word-spacing: 0px;\" data-elementor-setting-key=\"title\" data-pen-placeholder=\"Eingabe hier...\"><a href=\"https:\/\/www.mm-therapiepraxis.ch\/?page_id=16\">\u00dcber mich<\/a><\/h1>\t\t\t\t\t\t\t\t<\/div>\n\t\t\t\t<\/div>\n\t\t\t\t\t<\/div>\n\t\t<\/div>\n\t\t\t\t<div class=\"elementor-column elementor-col-66 elementor-top-column elementor-element elementor-element-07ecc95\" data-id=\"07ecc95\" data-element_type=\"column\" data-e-type=\"column\">\n\t\t\t<div class=\"elementor-widget-wrap elementor-element-populated\">\n\t\t\t\t\t\t<div class=\"elementor-element elementor-element-a98480e elementor-widget elementor-widget-text-editor\" data-id=\"a98480e\" data-element_type=\"widget\" data-e-type=\"widget\" data-widget_type=\"text-editor.default\">\n\t\t\t\t<div class=\"elementor-widget-container\">\n\t\t\t\t\t\t\t\t\t<h6 style=\"font-family: 'Open Sans', sans-serif; font-weight: var( --e-global-typography-text-font-weight ); font-size: var( --e-global-typography-text-font-size ); line-height: var( --e-global-typography-text-line-height ); text-transform: none; letter-spacing: normal; font-style: normal; text-decoration-thickness: initial; text-decoration-style: initial; text-decoration-color: initial; word-spacing: 0px;\"><strong>Behalte und verbessere deine Gesundheit<\/strong><\/h6><h6 style=\"font-family: 'Open Sans', sans-serif; font-weight: var( --e-global-typography-text-font-weight ); font-size: var( --e-global-typography-text-font-size ); line-height: var( --e-global-typography-text-line-height ); text-transform: none; letter-spacing: normal; font-style: normal; text-decoration-thickness: initial; text-decoration-style: initial; text-decoration-color: initial; word-spacing: 0px;\"><strong>Dein K\u00f6rper spricht &#8211; meine H\u00e4nde h\u00f6ren zu<\/strong><\/h6>\t\t\t\t\t\t\t\t<\/div>\n\t\t\t\t<\/div>\n\t\t\t\t\t<\/div>\n\t\t<\/div>\n\t\t\t\t\t<\/div>\n\t\t<\/section>\n\t\t\t\t<section class=\"elementor-section elementor-top-section elementor-element elementor-element-f319edf elementor-section-boxed elementor-section-height-default elementor-section-height-default\" data-id=\"f319edf\" data-element_type=\"section\" data-e-type=\"section\">\n\t\t\t\t\t\t<div class=\"elementor-container elementor-column-gap-default\">\n\t\t\t\t\t<div class=\"elementor-column elementor-col-100 elementor-top-column elementor-element elementor-element-027a596\" data-id=\"027a596\" data-element_type=\"column\" data-e-type=\"column\">\n\t\t\t<div class=\"elementor-widget-wrap elementor-element-populated\">\n\t\t\t\t\t\t\t<\/div>\n\t\t<\/div>\n\t\t\t\t\t<\/div>\n\t\t<\/section>\n\t\t\t\t<section class=\"elementor-section elementor-top-section elementor-element elementor-element-60c796c elementor-section-boxed elementor-section-height-default elementor-section-height-default\" data-id=\"60c796c\" data-element_type=\"section\" data-e-type=\"section\">\n\t\t\t\t\t\t<div class=\"elementor-container elementor-column-gap-default\">\n\t\t\t\t\t<div class=\"elementor-column elementor-col-33 elementor-top-column elementor-element elementor-element-443bd50\" data-id=\"443bd50\" data-element_type=\"column\" data-e-type=\"column\">\n\t\t\t<div class=\"elementor-widget-wrap elementor-element-populated\">\n\t\t\t\t\t\t<div class=\"elementor-element elementor-element-a775ee4 elementor-widget elementor-widget-text-editor\" data-id=\"a775ee4\" data-element_type=\"widget\" data-e-type=\"widget\" data-widget_type=\"text-editor.default\">\n\t\t\t\t<div class=\"elementor-widget-container\">\n\t\t\t\t\t\t\t\t\t<h1><a href=\"https:\/\/www.mm-therapiepraxis.ch\/?page_id=16\">CV<\/a><\/h1>\t\t\t\t\t\t\t\t<\/div>\n\t\t\t\t<\/div>\n\t\t\t\t\t<\/div>\n\t\t<\/div>\n\t\t\t\t<div class=\"elementor-column elementor-col-66 elementor-top-column elementor-element elementor-element-a12408f\" data-id=\"a12408f\" data-element_type=\"column\" data-e-type=\"column\">\n\t\t\t<div class=\"elementor-widget-wrap elementor-element-populated\">\n\t\t\t\t\t\t<div class=\"elementor-element elementor-element-77b4c28 elementor-widget elementor-widget-text-editor\" data-id=\"77b4c28\" data-element_type=\"widget\" data-e-type=\"widget\" data-widget_type=\"text-editor.default\">\n\t\t\t\t<div class=\"elementor-widget-container\">\n\t\t\t\t\t\t\t\t\t<h6><strong>Verbandszugeh\u00f6rigkeiten SVBM<\/strong><\/h6><h6><strong>Beim EMR registriert<\/strong><\/h6>\t\t\t\t\t\t\t\t<\/div>\n\t\t\t\t<\/div>\n\t\t\t\t\t<\/div>\n\t\t<\/div>\n\t\t\t\t\t<\/div>\n\t\t<\/section>\n\t\t\t\t<\/div>\n\t\t","protected":false},"excerpt":{"rendered":"<p>\u00dcber mich Behalte und verbessere deine Gesundheit Dein K\u00f6rper spricht &#8211; meine H\u00e4nde h\u00f6ren zu CV Verbandszugeh\u00f6rigkeiten SVBM Beim EMR registriert<\/p>\n","protected":false},"author":1,"featured_media":0,"parent":0,"menu_order":0,"comment_status":"closed","ping_status":"closed","template":"","meta":{"footnotes":""},"class_list":["post-1425","page","type-page","status-publish","hentry"],"yoast_head":"<!-- This site is optimized with the Yoast SEO plugin v26.9 - https:\/\/yoast.com\/product\/yoast-seo-wordpress\/ -->\n<title>\u00dcber mich - MM-THERAPIEPRAXIS<\/title>\n<meta name=\"robots\" content=\"index, follow, max-snippet:-1, max-image-preview:large, max-video-preview:-1\" \/>\n<link rel=\"canonical\" href=\"https:\/\/www.mm-therapiepraxis.ch\/?page_id=1425\" \/>\n<meta property=\"og:locale\" content=\"de_DE\" \/>\n<meta property=\"og:type\" content=\"article\" \/>\n<meta property=\"og:title\" content=\"\u00dcber mich - MM-THERAPIEPRAXIS\" \/>\n<meta property=\"og:description\" content=\"\u00dcber mich Behalte und verbessere deine Gesundheit Dein K\u00f6rper spricht &#8211; meine H\u00e4nde h\u00f6ren zu CV Verbandszugeh\u00f6rigkeiten SVBM Beim EMR registriert\" \/>\n<meta property=\"og:url\" content=\"https:\/\/www.mm-therapiepraxis.ch\/?page_id=1425\" \/>\n<meta property=\"og:site_name\" content=\"MM-THERAPIEPRAXIS\" \/>\n<meta property=\"article:modified_time\" content=\"2023-02-21T09:22:22+00:00\" \/>\n<meta name=\"twitter:card\" content=\"summary_large_image\" \/>\n<meta name=\"twitter:label1\" content=\"Gesch\u00e4tzte Lesezeit\" \/>\n\t<meta name=\"twitter:data1\" content=\"1\u00a0Minute\" \/>\n<script type=\"application\/ld+json\" class=\"yoast-schema-graph\">{\"@context\":\"https:\/\/schema.org\",\"@graph\":[{\"@type\":\"WebPage\",\"@id\":\"https:\/\/www.mm-therapiepraxis.ch\/?page_id=1425\",\"url\":\"https:\/\/www.mm-therapiepraxis.ch\/?page_id=1425\",\"name\":\"\u00dcber mich - MM-THERAPIEPRAXIS\",\"isPartOf\":{\"@id\":\"https:\/\/www.mm-therapiepraxis.ch\/#website\"},\"datePublished\":\"2023-02-21T08:53:51+00:00\",\"dateModified\":\"2023-02-21T09:22:22+00:00\",\"breadcrumb\":{\"@id\":\"https:\/\/www.mm-therapiepraxis.ch\/?page_id=1425#breadcrumb\"},\"inLanguage\":\"de\",\"potentialAction\":[{\"@type\":\"ReadAction\",\"target\":[\"https:\/\/www.mm-therapiepraxis.ch\/?page_id=1425\"]}]},{\"@type\":\"BreadcrumbList\",\"@id\":\"https:\/\/www.mm-therapiepraxis.ch\/?page_id=1425#breadcrumb\",\"itemListElement\":[{\"@type\":\"ListItem\",\"position\":1,\"name\":\"Startseite\",\"item\":\"https:\/\/www.mm-therapiepraxis.ch\/\"},{\"@type\":\"ListItem\",\"position\":2,\"name\":\"\u00dcber mich\"}]},{\"@type\":\"WebSite\",\"@id\":\"https:\/\/www.mm-therapiepraxis.ch\/#website\",\"url\":\"https:\/\/www.mm-therapiepraxis.ch\/\",\"name\":\"MM-THERAPIEPRAXIS\",\"description\":\"Praxis f\u00fcr Massagen in der Altstadt Zofingen. Unabh\u00e4ngig ob Sie aus medizinischen Gr\u00fcnden oder einfach zum Entspannen vorbeikommen. G\u00f6nnen Sie Ihrem K\u00f6rper Erholung. Parkpl\u00e4tze gen\u00fcgend vorhanden. Krankenkasse anerkannt.\",\"publisher\":{\"@id\":\"https:\/\/www.mm-therapiepraxis.ch\/#organization\"},\"potentialAction\":[{\"@type\":\"SearchAction\",\"target\":{\"@type\":\"EntryPoint\",\"urlTemplate\":\"https:\/\/www.mm-therapiepraxis.ch\/?s={search_term_string}\"},\"query-input\":{\"@type\":\"PropertyValueSpecification\",\"valueRequired\":true,\"valueName\":\"search_term_string\"}}],\"inLanguage\":\"de\"},{\"@type\":\"Organization\",\"@id\":\"https:\/\/www.mm-therapiepraxis.ch\/#organization\",\"name\":\"MM-THERAPIEPRAXIS\",\"url\":\"https:\/\/www.mm-therapiepraxis.ch\/\",\"logo\":{\"@type\":\"ImageObject\",\"inLanguage\":\"de\",\"@id\":\"https:\/\/www.mm-therapiepraxis.ch\/#\/schema\/logo\/image\/\",\"url\":\"https:\/\/www.mm-therapiepraxis.ch\/wp-content\/uploads\/2022\/11\/MM-Therapiepraxis_Visitenkarten85-\u00d7-55-mm.png\",\"contentUrl\":\"https:\/\/www.mm-therapiepraxis.ch\/wp-content\/uploads\/2022\/11\/MM-Therapiepraxis_Visitenkarten85-\u00d7-55-mm.png\",\"width\":1004,\"height\":650,\"caption\":\"MM-THERAPIEPRAXIS\"},\"image\":{\"@id\":\"https:\/\/www.mm-therapiepraxis.ch\/#\/schema\/logo\/image\/\"}}]}<\/script>\n<!-- \/ Yoast SEO plugin. -->","yoast_head_json":{"title":"\u00dcber mich - MM-THERAPIEPRAXIS","robots":{"index":"index","follow":"follow","max-snippet":"max-snippet:-1","max-image-preview":"max-image-preview:large","max-video-preview":"max-video-preview:-1"},"canonical":"https:\/\/www.mm-therapiepraxis.ch\/?page_id=1425","og_locale":"de_DE","og_type":"article","og_title":"\u00dcber mich - MM-THERAPIEPRAXIS","og_description":"\u00dcber mich Behalte und verbessere deine Gesundheit Dein K\u00f6rper spricht &#8211; meine H\u00e4nde h\u00f6ren zu CV Verbandszugeh\u00f6rigkeiten SVBM Beim EMR registriert","og_url":"https:\/\/www.mm-therapiepraxis.ch\/?page_id=1425","og_site_name":"MM-THERAPIEPRAXIS","article_modified_time":"2023-02-21T09:22:22+00:00","twitter_card":"summary_large_image","twitter_misc":{"Gesch\u00e4tzte Lesezeit":"1\u00a0Minute"},"schema":{"@context":"https:\/\/schema.org","@graph":[{"@type":"WebPage","@id":"https:\/\/www.mm-therapiepraxis.ch\/?page_id=1425","url":"https:\/\/www.mm-therapiepraxis.ch\/?page_id=1425","name":"\u00dcber mich - MM-THERAPIEPRAXIS","isPartOf":{"@id":"https:\/\/www.mm-therapiepraxis.ch\/#website"},"datePublished":"2023-02-21T08:53:51+00:00","dateModified":"2023-02-21T09:22:22+00:00","breadcrumb":{"@id":"https:\/\/www.mm-therapiepraxis.ch\/?page_id=1425#breadcrumb"},"inLanguage":"de","potentialAction":[{"@type":"ReadAction","target":["https:\/\/www.mm-therapiepraxis.ch\/?page_id=1425"]}]},{"@type":"BreadcrumbList","@id":"https:\/\/www.mm-therapiepraxis.ch\/?page_id=1425#breadcrumb","itemListElement":[{"@type":"ListItem","position":1,"name":"Startseite","item":"https:\/\/www.mm-therapiepraxis.ch\/"},{"@type":"ListItem","position":2,"name":"\u00dcber mich"}]},{"@type":"WebSite","@id":"https:\/\/www.mm-therapiepraxis.ch\/#website","url":"https:\/\/www.mm-therapiepraxis.ch\/","name":"MM-THERAPIEPRAXIS","description":"Praxis f\u00fcr Massagen in der Altstadt Zofingen. Unabh\u00e4ngig ob Sie aus medizinischen Gr\u00fcnden oder einfach zum Entspannen vorbeikommen. G\u00f6nnen Sie Ihrem K\u00f6rper Erholung. Parkpl\u00e4tze gen\u00fcgend vorhanden. Krankenkasse anerkannt.","publisher":{"@id":"https:\/\/www.mm-therapiepraxis.ch\/#organization"},"potentialAction":[{"@type":"SearchAction","target":{"@type":"EntryPoint","urlTemplate":"https:\/\/www.mm-therapiepraxis.ch\/?s={search_term_string}"},"query-input":{"@type":"PropertyValueSpecification","valueRequired":true,"valueName":"search_term_string"}}],"inLanguage":"de"},{"@type":"Organization","@id":"https:\/\/www.mm-therapiepraxis.ch\/#organization","name":"MM-THERAPIEPRAXIS","url":"https:\/\/www.mm-therapiepraxis.ch\/","logo":{"@type":"ImageObject","inLanguage":"de","@id":"https:\/\/www.mm-therapiepraxis.ch\/#\/schema\/logo\/image\/","url":"https:\/\/www.mm-therapiepraxis.ch\/wp-content\/uploads\/2022\/11\/MM-Therapiepraxis_Visitenkarten85-\u00d7-55-mm.png","contentUrl":"https:\/\/www.mm-therapiepraxis.ch\/wp-content\/uploads\/2022\/11\/MM-Therapiepraxis_Visitenkarten85-\u00d7-55-mm.png","width":1004,"height":650,"caption":"MM-THERAPIEPRAXIS"},"image":{"@id":"https:\/\/www.mm-therapiepraxis.ch\/#\/schema\/logo\/image\/"}}]}},"_links":{"self":[{"href":"https:\/\/www.mm-therapiepraxis.ch\/index.php?rest_route=\/wp\/v2\/pages\/1425","targetHints":{"allow":["GET"]}}],"collection":[{"href":"https:\/\/www.mm-therapiepraxis.ch\/index.php?rest_route=\/wp\/v2\/pages"}],"about":[{"href":"https:\/\/www.mm-therapiepraxis.ch\/index.php?rest_route=\/wp\/v2\/types\/page"}],"author":[{"embeddable":true,"href":"https:\/\/www.mm-therapiepraxis.ch\/index.php?rest_route=\/wp\/v2\/users\/1"}],"replies":[{"embeddable":true,"href":"https:\/\/www.mm-therapiepraxis.ch\/index.php?rest_route=%2Fwp%2Fv2%2Fcomments&post=1425"}],"version-history":[{"count":20,"href":"https:\/\/www.mm-therapiepraxis.ch\/index.php?rest_route=\/wp\/v2\/pages\/1425\/revisions"}],"predecessor-version":[{"id":1451,"href":"https:\/\/www.mm-therapiepraxis.ch\/index.php?rest_route=\/wp\/v2\/pages\/1425\/revisions\/1451"}],"wp:attachment":[{"href":"https:\/\/www.mm-therapiepraxis.ch\/index.php?rest_route=%2Fwp%2Fv2%2Fmedia&parent=1425"}],"curies":[{"name":"wp","href":"https:\/\/api.w.org\/{rel}","templated":true}]}}