{"id":133,"date":"2022-11-05T14:05:21","date_gmt":"2022-11-05T14:05:21","guid":{"rendered":"https:\/\/www.mm-therapiepraxis.ch\/wordpress_g\/?page_id=133"},"modified":"2026-02-13T15:00:56","modified_gmt":"2026-02-13T14:00:56","slug":"specials","status":"publish","type":"page","link":"https:\/\/www.mm-therapiepraxis.ch\/?page_id=133","title":{"rendered":"Specials"},"content":{"rendered":"\t\t<div data-elementor-type=\"wp-page\" data-elementor-id=\"133\" class=\"elementor elementor-133\" data-elementor-post-type=\"page\">\n\t\t\t\t\t\t<section class=\"elementor-section elementor-top-section elementor-element elementor-element-e2946fb elementor-section-boxed elementor-section-height-default elementor-section-height-default\" data-id=\"e2946fb\" data-element_type=\"section\" data-e-type=\"section\">\n\t\t\t\t\t\t<div class=\"elementor-container elementor-column-gap-default\">\n\t\t\t\t\t<div class=\"elementor-column elementor-col-100 elementor-top-column elementor-element elementor-element-081b9a4\" data-id=\"081b9a4\" data-element_type=\"column\" data-e-type=\"column\">\n\t\t\t<div class=\"elementor-widget-wrap elementor-element-populated\">\n\t\t\t\t\t\t<div class=\"elementor-element elementor-element-8e2dec9 elementor-nav-menu__align-end elementor-nav-menu--stretch elementor-nav-menu--dropdown-tablet elementor-nav-menu__text-align-aside elementor-nav-menu--toggle elementor-nav-menu--burger elementor-widget elementor-widget-global elementor-global-751 elementor-widget-nav-menu\" data-id=\"8e2dec9\" data-element_type=\"widget\" data-e-type=\"widget\" data-settings=\"{&quot;full_width&quot;:&quot;stretch&quot;,&quot;submenu_icon&quot;:{&quot;value&quot;:&quot;fas fa-angle-down&quot;,&quot;library&quot;:&quot;fa-solid&quot;},&quot;layout&quot;:&quot;horizontal&quot;,&quot;toggle&quot;:&quot;burger&quot;}\" data-widget_type=\"nav-menu.default\">\n\t\t\t\t<div class=\"elementor-widget-container\">\n\t\t\t\t\t\t\t\t<nav aria-label=\"Men\u00fc\" class=\"elementor-nav-menu--main elementor-nav-menu__container elementor-nav-menu--layout-horizontal e--pointer-none\">\n\t\t\t\t<ul id=\"menu-1-8e2dec9\" class=\"elementor-nav-menu\"><li class=\"menu-item menu-item-type-post_type menu-item-object-page menu-item-home menu-item-593\"><a href=\"https:\/\/www.mm-therapiepraxis.ch\/\" class=\"elementor-item\">MM-Therapiepraxis.ch<\/a><\/li>\n<li class=\"menu-item menu-item-type-post_type menu-item-object-page menu-item-has-children menu-item-143\"><a href=\"https:\/\/www.mm-therapiepraxis.ch\/?page_id=18\" class=\"elementor-item\">Therapie &#038; Massage<\/a>\n<ul class=\"sub-menu elementor-nav-menu--dropdown\">\n\t<li class=\"menu-item menu-item-type-post_type menu-item-object-page menu-item-776\"><a href=\"https:\/\/www.mm-therapiepraxis.ch\/?page_id=19\" class=\"elementor-sub-item\">Triggerpunkt-Therapie<\/a><\/li>\n\t<li class=\"menu-item menu-item-type-post_type menu-item-object-page menu-item-781\"><a href=\"https:\/\/www.mm-therapiepraxis.ch\/?page_id=20\" class=\"elementor-sub-item\">Tiefenmassage<\/a><\/li>\n\t<li class=\"menu-item menu-item-type-post_type menu-item-object-page menu-item-780\"><a href=\"https:\/\/www.mm-therapiepraxis.ch\/?page_id=21\" class=\"elementor-sub-item\">Fussreflexzonenmassage<\/a><\/li>\n\t<li class=\"menu-item menu-item-type-post_type menu-item-object-page menu-item-779\"><a href=\"https:\/\/www.mm-therapiepraxis.ch\/?page_id=22\" class=\"elementor-sub-item\">Dorn-Breuss-Therapie<\/a><\/li>\n\t<li class=\"menu-item menu-item-type-post_type menu-item-object-page menu-item-has-children menu-item-777\"><a href=\"https:\/\/www.mm-therapiepraxis.ch\/?page_id=24\" class=\"elementor-sub-item\">Klassische Massage<\/a>\n\t<ul class=\"sub-menu elementor-nav-menu--dropdown\">\n\t\t<li class=\"menu-item menu-item-type-post_type menu-item-object-page menu-item-1052\"><a href=\"https:\/\/www.mm-therapiepraxis.ch\/?page_id=1033\" class=\"elementor-sub-item\">Kopfschmerzen und Migr\u00e4ne<\/a><\/li>\n\t\t<li class=\"menu-item menu-item-type-post_type menu-item-object-page menu-item-1500\"><a href=\"https:\/\/www.mm-therapiepraxis.ch\/?page_id=1476\" class=\"elementor-sub-item\">Fatigue-Syndrom<\/a><\/li>\n\t<\/ul>\n<\/li>\n\t<li class=\"menu-item menu-item-type-post_type menu-item-object-page menu-item-1470\"><a href=\"https:\/\/www.mm-therapiepraxis.ch\/?page_id=1456\" class=\"elementor-sub-item\">Lymphdrainage<\/a><\/li>\n\t<li class=\"menu-item menu-item-type-post_type menu-item-object-page menu-item-1512\"><a href=\"https:\/\/www.mm-therapiepraxis.ch\/?page_id=1502\" class=\"elementor-sub-item\">Andullation<\/a><\/li>\n\t<li class=\"menu-item menu-item-type-post_type menu-item-object-page menu-item-150\"><a href=\"https:\/\/www.mm-therapiepraxis.ch\/?page_id=133\" class=\"elementor-sub-item\">Specials<\/a><\/li>\n<\/ul>\n<\/li>\n<li class=\"menu-item menu-item-type-post_type menu-item-object-page menu-item-1084\"><a href=\"https:\/\/www.mm-therapiepraxis.ch\/?page_id=1075\" class=\"elementor-item\">Krankenkasse<\/a><\/li>\n<li class=\"menu-item menu-item-type-post_type menu-item-object-page menu-item-has-children menu-item-1431\"><a href=\"https:\/\/www.mm-therapiepraxis.ch\/?page_id=1425\" class=\"elementor-item\">\u00dcber mich<\/a>\n<ul class=\"sub-menu elementor-nav-menu--dropdown\">\n\t<li class=\"menu-item menu-item-type-post_type menu-item-object-page menu-item-144\"><a href=\"https:\/\/www.mm-therapiepraxis.ch\/?page_id=16\" class=\"elementor-sub-item\">\u00dcber mich<\/a><\/li>\n\t<li class=\"menu-item menu-item-type-post_type menu-item-object-page menu-item-145\"><a href=\"https:\/\/www.mm-therapiepraxis.ch\/?page_id=17\" class=\"elementor-sub-item\">CV<\/a><\/li>\n<\/ul>\n<\/li>\n<li class=\"menu-item menu-item-type-post_type menu-item-object-page menu-item-has-children menu-item-149\"><a href=\"https:\/\/www.mm-therapiepraxis.ch\/?page_id=132\" class=\"elementor-item\">Kontakt<\/a>\n<ul class=\"sub-menu elementor-nav-menu--dropdown\">\n\t<li class=\"menu-item menu-item-type-post_type menu-item-object-page menu-item-1331\"><a href=\"https:\/\/www.mm-therapiepraxis.ch\/?page_id=1319\" class=\"elementor-sub-item\">Impressum<\/a><\/li>\n<\/ul>\n<\/li>\n<\/ul>\t\t\t<\/nav>\n\t\t\t\t\t<div class=\"elementor-menu-toggle\" role=\"button\" tabindex=\"0\" aria-label=\"Men\u00fc Umschalter\" aria-expanded=\"false\">\n\t\t\t<i aria-hidden=\"true\" role=\"presentation\" class=\"elementor-menu-toggle__icon--open eicon-menu-bar\"><\/i><i aria-hidden=\"true\" role=\"presentation\" class=\"elementor-menu-toggle__icon--close eicon-close\"><\/i>\t\t<\/div>\n\t\t\t\t\t<nav class=\"elementor-nav-menu--dropdown elementor-nav-menu__container\" aria-hidden=\"true\">\n\t\t\t\t<ul id=\"menu-2-8e2dec9\" class=\"elementor-nav-menu\"><li class=\"menu-item menu-item-type-post_type menu-item-object-page menu-item-home menu-item-593\"><a href=\"https:\/\/www.mm-therapiepraxis.ch\/\" class=\"elementor-item\" tabindex=\"-1\">MM-Therapiepraxis.ch<\/a><\/li>\n<li class=\"menu-item menu-item-type-post_type menu-item-object-page menu-item-has-children menu-item-143\"><a href=\"https:\/\/www.mm-therapiepraxis.ch\/?page_id=18\" class=\"elementor-item\" tabindex=\"-1\">Therapie &#038; Massage<\/a>\n<ul class=\"sub-menu elementor-nav-menu--dropdown\">\n\t<li class=\"menu-item menu-item-type-post_type menu-item-object-page menu-item-776\"><a href=\"https:\/\/www.mm-therapiepraxis.ch\/?page_id=19\" class=\"elementor-sub-item\" tabindex=\"-1\">Triggerpunkt-Therapie<\/a><\/li>\n\t<li class=\"menu-item menu-item-type-post_type menu-item-object-page menu-item-781\"><a href=\"https:\/\/www.mm-therapiepraxis.ch\/?page_id=20\" class=\"elementor-sub-item\" tabindex=\"-1\">Tiefenmassage<\/a><\/li>\n\t<li class=\"menu-item menu-item-type-post_type menu-item-object-page menu-item-780\"><a href=\"https:\/\/www.mm-therapiepraxis.ch\/?page_id=21\" class=\"elementor-sub-item\" tabindex=\"-1\">Fussreflexzonenmassage<\/a><\/li>\n\t<li class=\"menu-item menu-item-type-post_type menu-item-object-page menu-item-779\"><a href=\"https:\/\/www.mm-therapiepraxis.ch\/?page_id=22\" class=\"elementor-sub-item\" tabindex=\"-1\">Dorn-Breuss-Therapie<\/a><\/li>\n\t<li class=\"menu-item menu-item-type-post_type menu-item-object-page menu-item-has-children menu-item-777\"><a href=\"https:\/\/www.mm-therapiepraxis.ch\/?page_id=24\" class=\"elementor-sub-item\" tabindex=\"-1\">Klassische Massage<\/a>\n\t<ul class=\"sub-menu elementor-nav-menu--dropdown\">\n\t\t<li class=\"menu-item menu-item-type-post_type menu-item-object-page menu-item-1052\"><a href=\"https:\/\/www.mm-therapiepraxis.ch\/?page_id=1033\" class=\"elementor-sub-item\" tabindex=\"-1\">Kopfschmerzen und Migr\u00e4ne<\/a><\/li>\n\t\t<li class=\"menu-item menu-item-type-post_type menu-item-object-page menu-item-1500\"><a href=\"https:\/\/www.mm-therapiepraxis.ch\/?page_id=1476\" class=\"elementor-sub-item\" tabindex=\"-1\">Fatigue-Syndrom<\/a><\/li>\n\t<\/ul>\n<\/li>\n\t<li class=\"menu-item menu-item-type-post_type menu-item-object-page menu-item-1470\"><a href=\"https:\/\/www.mm-therapiepraxis.ch\/?page_id=1456\" class=\"elementor-sub-item\" tabindex=\"-1\">Lymphdrainage<\/a><\/li>\n\t<li class=\"menu-item menu-item-type-post_type menu-item-object-page menu-item-1512\"><a href=\"https:\/\/www.mm-therapiepraxis.ch\/?page_id=1502\" class=\"elementor-sub-item\" tabindex=\"-1\">Andullation<\/a><\/li>\n\t<li class=\"menu-item menu-item-type-post_type menu-item-object-page menu-item-150\"><a href=\"https:\/\/www.mm-therapiepraxis.ch\/?page_id=133\" class=\"elementor-sub-item\" tabindex=\"-1\">Specials<\/a><\/li>\n<\/ul>\n<\/li>\n<li class=\"menu-item menu-item-type-post_type menu-item-object-page menu-item-1084\"><a href=\"https:\/\/www.mm-therapiepraxis.ch\/?page_id=1075\" class=\"elementor-item\" tabindex=\"-1\">Krankenkasse<\/a><\/li>\n<li class=\"menu-item menu-item-type-post_type menu-item-object-page menu-item-has-children menu-item-1431\"><a href=\"https:\/\/www.mm-therapiepraxis.ch\/?page_id=1425\" class=\"elementor-item\" tabindex=\"-1\">\u00dcber mich<\/a>\n<ul class=\"sub-menu elementor-nav-menu--dropdown\">\n\t<li class=\"menu-item menu-item-type-post_type menu-item-object-page menu-item-144\"><a href=\"https:\/\/www.mm-therapiepraxis.ch\/?page_id=16\" class=\"elementor-sub-item\" tabindex=\"-1\">\u00dcber mich<\/a><\/li>\n\t<li class=\"menu-item menu-item-type-post_type menu-item-object-page menu-item-145\"><a href=\"https:\/\/www.mm-therapiepraxis.ch\/?page_id=17\" class=\"elementor-sub-item\" tabindex=\"-1\">CV<\/a><\/li>\n<\/ul>\n<\/li>\n<li class=\"menu-item menu-item-type-post_type menu-item-object-page menu-item-has-children menu-item-149\"><a href=\"https:\/\/www.mm-therapiepraxis.ch\/?page_id=132\" class=\"elementor-item\" tabindex=\"-1\">Kontakt<\/a>\n<ul class=\"sub-menu elementor-nav-menu--dropdown\">\n\t<li class=\"menu-item menu-item-type-post_type menu-item-object-page menu-item-1331\"><a href=\"https:\/\/www.mm-therapiepraxis.ch\/?page_id=1319\" class=\"elementor-sub-item\" tabindex=\"-1\">Impressum<\/a><\/li>\n<\/ul>\n<\/li>\n<\/ul>\t\t\t<\/nav>\n\t\t\t\t\t\t<\/div>\n\t\t\t\t<\/div>\n\t\t\t\t\t<\/div>\n\t\t<\/div>\n\t\t\t\t\t<\/div>\n\t\t<\/section>\n\t\t\t\t<section class=\"elementor-section elementor-top-section elementor-element elementor-element-85624cb elementor-section-boxed elementor-section-height-default elementor-section-height-default\" data-id=\"85624cb\" data-element_type=\"section\" data-e-type=\"section\">\n\t\t\t\t\t\t<div class=\"elementor-container elementor-column-gap-default\">\n\t\t\t\t\t<div class=\"elementor-column elementor-col-100 elementor-top-column elementor-element elementor-element-a9e31a2\" data-id=\"a9e31a2\" data-element_type=\"column\" data-e-type=\"column\">\n\t\t\t<div class=\"elementor-widget-wrap elementor-element-populated\">\n\t\t\t\t\t\t<div class=\"elementor-element elementor-element-4d2f792 elementor-widget elementor-widget-heading\" data-id=\"4d2f792\" data-element_type=\"widget\" data-e-type=\"widget\" data-widget_type=\"heading.default\">\n\t\t\t\t<div class=\"elementor-widget-container\">\n\t\t\t\t\t<h1 class=\"elementor-heading-title elementor-size-xxl\">Specials<\/h1>\t\t\t\t<\/div>\n\t\t\t\t<\/div>\n\t\t\t\t\t<\/div>\n\t\t<\/div>\n\t\t\t\t\t<\/div>\n\t\t<\/section>\n\t\t\t\t<section class=\"elementor-section elementor-top-section elementor-element elementor-element-9e89c97 elementor-section-boxed elementor-section-height-default elementor-section-height-default\" data-id=\"9e89c97\" data-element_type=\"section\" data-e-type=\"section\">\n\t\t\t\t\t\t<div class=\"elementor-container elementor-column-gap-default\">\n\t\t\t\t\t<div class=\"elementor-column elementor-col-66 elementor-top-column elementor-element elementor-element-525e611\" data-id=\"525e611\" data-element_type=\"column\" data-e-type=\"column\">\n\t\t\t<div class=\"elementor-widget-wrap elementor-element-populated\">\n\t\t\t\t\t\t<div class=\"elementor-element elementor-element-451b3e3 elementor-align-center elementor-widget elementor-widget-global elementor-global-603 elementor-widget-button\" data-id=\"451b3e3\" data-element_type=\"widget\" data-e-type=\"widget\" data-widget_type=\"button.default\">\n\t\t\t\t<div class=\"elementor-widget-container\">\n\t\t\t\t\t\t\t\t\t<div class=\"elementor-button-wrapper\">\n\t\t\t\t\t<a class=\"elementor-button elementor-button-link elementor-size-xs\" href=\"https:\/\/www.mm-therapiepraxis.ch\/?page_id=132\">\n\t\t\t\t\t\t<span class=\"elementor-button-content-wrapper\">\n\t\t\t\t\t\t\t\t\t<span class=\"elementor-button-text\">Termin vereinbaren<\/span>\n\t\t\t\t\t<\/span>\n\t\t\t\t\t<\/a>\n\t\t\t\t<\/div>\n\t\t\t\t\t\t\t\t<\/div>\n\t\t\t\t<\/div>\n\t\t\t\t\t<\/div>\n\t\t<\/div>\n\t\t\t\t<div class=\"elementor-column elementor-col-33 elementor-top-column elementor-element elementor-element-a26d619\" data-id=\"a26d619\" data-element_type=\"column\" data-e-type=\"column\">\n\t\t\t<div class=\"elementor-widget-wrap elementor-element-populated\">\n\t\t\t\t\t\t<div class=\"elementor-element elementor-element-c87fd34 elementor-widget elementor-widget-gallery\" data-id=\"c87fd34\" data-element_type=\"widget\" data-e-type=\"widget\" data-settings=\"{&quot;columns&quot;:2,&quot;columns_tablet&quot;:1,&quot;lazyload&quot;:&quot;yes&quot;,&quot;gallery_layout&quot;:&quot;grid&quot;,&quot;columns_mobile&quot;:1,&quot;gap&quot;:{&quot;unit&quot;:&quot;px&quot;,&quot;size&quot;:10,&quot;sizes&quot;:[]},&quot;gap_tablet&quot;:{&quot;unit&quot;:&quot;px&quot;,&quot;size&quot;:10,&quot;sizes&quot;:[]},&quot;gap_mobile&quot;:{&quot;unit&quot;:&quot;px&quot;,&quot;size&quot;:10,&quot;sizes&quot;:[]},&quot;link_to&quot;:&quot;file&quot;,&quot;aspect_ratio&quot;:&quot;3:2&quot;,&quot;overlay_background&quot;:&quot;yes&quot;,&quot;content_hover_animation&quot;:&quot;fade-in&quot;}\" data-widget_type=\"gallery.default\">\n\t\t\t\t<div class=\"elementor-widget-container\">\n\t\t\t\t\t\t\t<div class=\"elementor-gallery__container\">\n\t\t\t\t\t\t\t<a class=\"e-gallery-item elementor-gallery-item elementor-animated-content\" href=\"https:\/\/www.mm-therapiepraxis.ch\/wp-content\/uploads\/2022\/11\/30.png\" data-elementor-open-lightbox=\"yes\" data-elementor-lightbox-slideshow=\"c87fd34\" data-elementor-lightbox-title=\"30\" data-e-action-hash=\"#elementor-action%3Aaction%3Dlightbox%26settings%3DeyJpZCI6NTE1LCJ1cmwiOiJodHRwczpcL1wvd3d3Lm1tLXRoZXJhcGllcHJheGlzLmNoXC93cC1jb250ZW50XC91cGxvYWRzXC8yMDIyXC8xMVwvMzAucG5nIiwic2xpZGVzaG93IjoiYzg3ZmQzNCJ9\">\n\t\t\t\t\t<div class=\"e-gallery-image elementor-gallery-item__image\" data-thumbnail=\"https:\/\/www.mm-therapiepraxis.ch\/wp-content\/uploads\/2022\/11\/30-300x300.png\" data-width=\"300\" data-height=\"300\" aria-label=\"\" role=\"img\" ><\/div>\n\t\t\t\t\t\t\t\t\t\t\t<div class=\"elementor-gallery-item__overlay\"><\/div>\n\t\t\t\t\t\t\t\t\t\t\t\t\t\t<\/a>\n\t\t\t\t\t\t\t<a class=\"e-gallery-item elementor-gallery-item elementor-animated-content\" href=\"https:\/\/www.mm-therapiepraxis.ch\/wp-content\/uploads\/2022\/11\/15.png\" data-elementor-open-lightbox=\"yes\" data-elementor-lightbox-slideshow=\"c87fd34\" data-elementor-lightbox-title=\"15\" data-e-action-hash=\"#elementor-action%3Aaction%3Dlightbox%26settings%3DeyJpZCI6NTAwLCJ1cmwiOiJodHRwczpcL1wvd3d3Lm1tLXRoZXJhcGllcHJheGlzLmNoXC93cC1jb250ZW50XC91cGxvYWRzXC8yMDIyXC8xMVwvMTUucG5nIiwic2xpZGVzaG93IjoiYzg3ZmQzNCJ9\">\n\t\t\t\t\t<div class=\"e-gallery-image elementor-gallery-item__image\" data-thumbnail=\"https:\/\/www.mm-therapiepraxis.ch\/wp-content\/uploads\/2022\/11\/15-300x300.png\" data-width=\"300\" data-height=\"300\" aria-label=\"\" role=\"img\" ><\/div>\n\t\t\t\t\t\t\t\t\t\t\t<div class=\"elementor-gallery-item__overlay\"><\/div>\n\t\t\t\t\t\t\t\t\t\t\t\t\t\t<\/a>\n\t\t\t\t\t\t\t<a class=\"e-gallery-item elementor-gallery-item elementor-animated-content\" href=\"https:\/\/www.mm-therapiepraxis.ch\/wp-content\/uploads\/2022\/11\/29.png\" data-elementor-open-lightbox=\"yes\" data-elementor-lightbox-slideshow=\"c87fd34\" data-elementor-lightbox-title=\"29\" data-e-action-hash=\"#elementor-action%3Aaction%3Dlightbox%26settings%3DeyJpZCI6NTE0LCJ1cmwiOiJodHRwczpcL1wvd3d3Lm1tLXRoZXJhcGllcHJheGlzLmNoXC93cC1jb250ZW50XC91cGxvYWRzXC8yMDIyXC8xMVwvMjkucG5nIiwic2xpZGVzaG93IjoiYzg3ZmQzNCJ9\">\n\t\t\t\t\t<div class=\"e-gallery-image elementor-gallery-item__image\" data-thumbnail=\"https:\/\/www.mm-therapiepraxis.ch\/wp-content\/uploads\/2022\/11\/29-300x300.png\" data-width=\"300\" data-height=\"300\" aria-label=\"\" role=\"img\" ><\/div>\n\t\t\t\t\t\t\t\t\t\t\t<div class=\"elementor-gallery-item__overlay\"><\/div>\n\t\t\t\t\t\t\t\t\t\t\t\t\t\t<\/a>\n\t\t\t\t\t\t\t<a class=\"e-gallery-item elementor-gallery-item elementor-animated-content\" href=\"https:\/\/www.mm-therapiepraxis.ch\/wp-content\/uploads\/2022\/11\/21.png\" data-elementor-open-lightbox=\"yes\" data-elementor-lightbox-slideshow=\"c87fd34\" data-elementor-lightbox-title=\"21\" data-e-action-hash=\"#elementor-action%3Aaction%3Dlightbox%26settings%3DeyJpZCI6NTA2LCJ1cmwiOiJodHRwczpcL1wvd3d3Lm1tLXRoZXJhcGllcHJheGlzLmNoXC93cC1jb250ZW50XC91cGxvYWRzXC8yMDIyXC8xMVwvMjEucG5nIiwic2xpZGVzaG93IjoiYzg3ZmQzNCJ9\">\n\t\t\t\t\t<div class=\"e-gallery-image elementor-gallery-item__image\" data-thumbnail=\"https:\/\/www.mm-therapiepraxis.ch\/wp-content\/uploads\/2022\/11\/21-300x300.png\" data-width=\"300\" data-height=\"300\" aria-label=\"\" role=\"img\" ><\/div>\n\t\t\t\t\t\t\t\t\t\t\t<div class=\"elementor-gallery-item__overlay\"><\/div>\n\t\t\t\t\t\t\t\t\t\t\t\t\t\t<\/a>\n\t\t\t\t\t<\/div>\n\t\t\t\t\t<\/div>\n\t\t\t\t<\/div>\n\t\t\t\t\t<\/div>\n\t\t<\/div>\n\t\t\t\t\t<\/div>\n\t\t<\/section>\n\t\t\t\t<\/div>\n\t\t","protected":false},"excerpt":{"rendered":"<p>Specials Termin vereinbaren<\/p>\n","protected":false},"author":1,"featured_media":0,"parent":0,"menu_order":3,"comment_status":"closed","ping_status":"closed","template":"","meta":{"footnotes":""},"class_list":["post-133","page","type-page","status-publish","hentry"],"yoast_head":"<!-- This site is optimized with the Yoast SEO plugin v26.9 - https:\/\/yoast.com\/product\/yoast-seo-wordpress\/ -->\n<title>Specials - MM-THERAPIEPRAXIS<\/title>\n<meta name=\"description\" content=\"Suchen Sie nach einem Abo-Angebot wie zum Beispiel Business-Massage, Termin-Abo, Kombi-Angebot, Pr\u00e4mie f\u00fcr Neukunden-Werbung?\" \/>\n<meta name=\"robots\" content=\"index, follow, max-snippet:-1, max-image-preview:large, max-video-preview:-1\" \/>\n<link rel=\"canonical\" href=\"https:\/\/www.mm-therapiepraxis.ch\/?page_id=133\" \/>\n<meta property=\"og:locale\" content=\"de_DE\" \/>\n<meta property=\"og:type\" content=\"article\" \/>\n<meta property=\"og:title\" content=\"Specials - MM-THERAPIEPRAXIS\" \/>\n<meta property=\"og:description\" content=\"Suchen Sie nach einem Abo-Angebot wie zum Beispiel Business-Massage, Termin-Abo, Kombi-Angebot, Pr\u00e4mie f\u00fcr Neukunden-Werbung?\" \/>\n<meta property=\"og:url\" content=\"https:\/\/www.mm-therapiepraxis.ch\/?page_id=133\" \/>\n<meta property=\"og:site_name\" content=\"MM-THERAPIEPRAXIS\" \/>\n<meta property=\"article:modified_time\" content=\"2026-02-13T14:00:56+00:00\" \/>\n<meta name=\"twitter:card\" content=\"summary_large_image\" \/>\n<meta name=\"twitter:label1\" content=\"Gesch\u00e4tzte Lesezeit\" \/>\n\t<meta name=\"twitter:data1\" content=\"1\u00a0Minute\" \/>\n<script type=\"application\/ld+json\" class=\"yoast-schema-graph\">{\"@context\":\"https:\/\/schema.org\",\"@graph\":[{\"@type\":\"WebPage\",\"@id\":\"https:\/\/www.mm-therapiepraxis.ch\/?page_id=133\",\"url\":\"https:\/\/www.mm-therapiepraxis.ch\/?page_id=133\",\"name\":\"Specials - MM-THERAPIEPRAXIS\",\"isPartOf\":{\"@id\":\"https:\/\/www.mm-therapiepraxis.ch\/#website\"},\"datePublished\":\"2022-11-05T14:05:21+00:00\",\"dateModified\":\"2026-02-13T14:00:56+00:00\",\"description\":\"Suchen Sie nach einem Abo-Angebot wie zum Beispiel Business-Massage, Termin-Abo, Kombi-Angebot, Pr\u00e4mie f\u00fcr Neukunden-Werbung?\",\"breadcrumb\":{\"@id\":\"https:\/\/www.mm-therapiepraxis.ch\/?page_id=133#breadcrumb\"},\"inLanguage\":\"de\",\"potentialAction\":[{\"@type\":\"ReadAction\",\"target\":[\"https:\/\/www.mm-therapiepraxis.ch\/?page_id=133\"]}]},{\"@type\":\"BreadcrumbList\",\"@id\":\"https:\/\/www.mm-therapiepraxis.ch\/?page_id=133#breadcrumb\",\"itemListElement\":[{\"@type\":\"ListItem\",\"position\":1,\"name\":\"Startseite\",\"item\":\"https:\/\/www.mm-therapiepraxis.ch\/\"},{\"@type\":\"ListItem\",\"position\":2,\"name\":\"Specials\"}]},{\"@type\":\"WebSite\",\"@id\":\"https:\/\/www.mm-therapiepraxis.ch\/#website\",\"url\":\"https:\/\/www.mm-therapiepraxis.ch\/\",\"name\":\"MM-THERAPIEPRAXIS\",\"description\":\"Praxis f\u00fcr Massagen in der Altstadt Zofingen. Unabh\u00e4ngig ob Sie aus medizinischen Gr\u00fcnden oder einfach zum Entspannen vorbeikommen. G\u00f6nnen Sie Ihrem K\u00f6rper Erholung. Parkpl\u00e4tze gen\u00fcgend vorhanden. Krankenkasse anerkannt.\",\"publisher\":{\"@id\":\"https:\/\/www.mm-therapiepraxis.ch\/#organization\"},\"potentialAction\":[{\"@type\":\"SearchAction\",\"target\":{\"@type\":\"EntryPoint\",\"urlTemplate\":\"https:\/\/www.mm-therapiepraxis.ch\/?s={search_term_string}\"},\"query-input\":{\"@type\":\"PropertyValueSpecification\",\"valueRequired\":true,\"valueName\":\"search_term_string\"}}],\"inLanguage\":\"de\"},{\"@type\":\"Organization\",\"@id\":\"https:\/\/www.mm-therapiepraxis.ch\/#organization\",\"name\":\"MM-THERAPIEPRAXIS\",\"url\":\"https:\/\/www.mm-therapiepraxis.ch\/\",\"logo\":{\"@type\":\"ImageObject\",\"inLanguage\":\"de\",\"@id\":\"https:\/\/www.mm-therapiepraxis.ch\/#\/schema\/logo\/image\/\",\"url\":\"https:\/\/www.mm-therapiepraxis.ch\/wp-content\/uploads\/2022\/11\/MM-Therapiepraxis_Visitenkarten85-\u00d7-55-mm.png\",\"contentUrl\":\"https:\/\/www.mm-therapiepraxis.ch\/wp-content\/uploads\/2022\/11\/MM-Therapiepraxis_Visitenkarten85-\u00d7-55-mm.png\",\"width\":1004,\"height\":650,\"caption\":\"MM-THERAPIEPRAXIS\"},\"image\":{\"@id\":\"https:\/\/www.mm-therapiepraxis.ch\/#\/schema\/logo\/image\/\"}}]}<\/script>\n<!-- \/ Yoast SEO plugin. -->","yoast_head_json":{"title":"Specials - MM-THERAPIEPRAXIS","description":"Suchen Sie nach einem Abo-Angebot wie zum Beispiel Business-Massage, Termin-Abo, Kombi-Angebot, Pr\u00e4mie f\u00fcr Neukunden-Werbung?","robots":{"index":"index","follow":"follow","max-snippet":"max-snippet:-1","max-image-preview":"max-image-preview:large","max-video-preview":"max-video-preview:-1"},"canonical":"https:\/\/www.mm-therapiepraxis.ch\/?page_id=133","og_locale":"de_DE","og_type":"article","og_title":"Specials - MM-THERAPIEPRAXIS","og_description":"Suchen Sie nach einem Abo-Angebot wie zum Beispiel Business-Massage, Termin-Abo, Kombi-Angebot, Pr\u00e4mie f\u00fcr Neukunden-Werbung?","og_url":"https:\/\/www.mm-therapiepraxis.ch\/?page_id=133","og_site_name":"MM-THERAPIEPRAXIS","article_modified_time":"2026-02-13T14:00:56+00:00","twitter_card":"summary_large_image","twitter_misc":{"Gesch\u00e4tzte Lesezeit":"1\u00a0Minute"},"schema":{"@context":"https:\/\/schema.org","@graph":[{"@type":"WebPage","@id":"https:\/\/www.mm-therapiepraxis.ch\/?page_id=133","url":"https:\/\/www.mm-therapiepraxis.ch\/?page_id=133","name":"Specials - MM-THERAPIEPRAXIS","isPartOf":{"@id":"https:\/\/www.mm-therapiepraxis.ch\/#website"},"datePublished":"2022-11-05T14:05:21+00:00","dateModified":"2026-02-13T14:00:56+00:00","description":"Suchen Sie nach einem Abo-Angebot wie zum Beispiel Business-Massage, Termin-Abo, Kombi-Angebot, Pr\u00e4mie f\u00fcr Neukunden-Werbung?","breadcrumb":{"@id":"https:\/\/www.mm-therapiepraxis.ch\/?page_id=133#breadcrumb"},"inLanguage":"de","potentialAction":[{"@type":"ReadAction","target":["https:\/\/www.mm-therapiepraxis.ch\/?page_id=133"]}]},{"@type":"BreadcrumbList","@id":"https:\/\/www.mm-therapiepraxis.ch\/?page_id=133#breadcrumb","itemListElement":[{"@type":"ListItem","position":1,"name":"Startseite","item":"https:\/\/www.mm-therapiepraxis.ch\/"},{"@type":"ListItem","position":2,"name":"Specials"}]},{"@type":"WebSite","@id":"https:\/\/www.mm-therapiepraxis.ch\/#website","url":"https:\/\/www.mm-therapiepraxis.ch\/","name":"MM-THERAPIEPRAXIS","description":"Praxis f\u00fcr Massagen in der Altstadt Zofingen. Unabh\u00e4ngig ob Sie aus medizinischen Gr\u00fcnden oder einfach zum Entspannen vorbeikommen. G\u00f6nnen Sie Ihrem K\u00f6rper Erholung. Parkpl\u00e4tze gen\u00fcgend vorhanden. Krankenkasse anerkannt.","publisher":{"@id":"https:\/\/www.mm-therapiepraxis.ch\/#organization"},"potentialAction":[{"@type":"SearchAction","target":{"@type":"EntryPoint","urlTemplate":"https:\/\/www.mm-therapiepraxis.ch\/?s={search_term_string}"},"query-input":{"@type":"PropertyValueSpecification","valueRequired":true,"valueName":"search_term_string"}}],"inLanguage":"de"},{"@type":"Organization","@id":"https:\/\/www.mm-therapiepraxis.ch\/#organization","name":"MM-THERAPIEPRAXIS","url":"https:\/\/www.mm-therapiepraxis.ch\/","logo":{"@type":"ImageObject","inLanguage":"de","@id":"https:\/\/www.mm-therapiepraxis.ch\/#\/schema\/logo\/image\/","url":"https:\/\/www.mm-therapiepraxis.ch\/wp-content\/uploads\/2022\/11\/MM-Therapiepraxis_Visitenkarten85-\u00d7-55-mm.png","contentUrl":"https:\/\/www.mm-therapiepraxis.ch\/wp-content\/uploads\/2022\/11\/MM-Therapiepraxis_Visitenkarten85-\u00d7-55-mm.png","width":1004,"height":650,"caption":"MM-THERAPIEPRAXIS"},"image":{"@id":"https:\/\/www.mm-therapiepraxis.ch\/#\/schema\/logo\/image\/"}}]}},"_links":{"self":[{"href":"https:\/\/www.mm-therapiepraxis.ch\/index.php?rest_route=\/wp\/v2\/pages\/133","targetHints":{"allow":["GET"]}}],"collection":[{"href":"https:\/\/www.mm-therapiepraxis.ch\/index.php?rest_route=\/wp\/v2\/pages"}],"about":[{"href":"https:\/\/www.mm-therapiepraxis.ch\/index.php?rest_route=\/wp\/v2\/types\/page"}],"author":[{"embeddable":true,"href":"https:\/\/www.mm-therapiepraxis.ch\/index.php?rest_route=\/wp\/v2\/users\/1"}],"replies":[{"embeddable":true,"href":"https:\/\/www.mm-therapiepraxis.ch\/index.php?rest_route=%2Fwp%2Fv2%2Fcomments&post=133"}],"version-history":[{"count":41,"href":"https:\/\/www.mm-therapiepraxis.ch\/index.php?rest_route=\/wp\/v2\/pages\/133\/revisions"}],"predecessor-version":[{"id":1588,"href":"https:\/\/www.mm-therapiepraxis.ch\/index.php?rest_route=\/wp\/v2\/pages\/133\/revisions\/1588"}],"wp:attachment":[{"href":"https:\/\/www.mm-therapiepraxis.ch\/index.php?rest_route=%2Fwp%2Fv2%2Fmedia&parent=133"}],"curies":[{"name":"wp","href":"https:\/\/api.w.org\/{rel}","templated":true}]}}