{"id":132,"date":"2022-11-05T14:05:21","date_gmt":"2022-11-05T14:05:21","guid":{"rendered":"https:\/\/www.mm-therapiepraxis.ch\/wordpress_g\/?page_id=132"},"modified":"2025-08-13T09:32:13","modified_gmt":"2025-08-13T08:32:13","slug":"kontakt","status":"publish","type":"page","link":"https:\/\/www.mm-therapiepraxis.ch\/?page_id=132","title":{"rendered":"Kontakt"},"content":{"rendered":"\t\t<div data-elementor-type=\"wp-page\" data-elementor-id=\"132\" class=\"elementor elementor-132\" data-elementor-post-type=\"page\">\n\t\t\t\t\t\t<section class=\"elementor-section elementor-top-section elementor-element elementor-element-b5f80f7 elementor-section-boxed elementor-section-height-default elementor-section-height-default\" data-id=\"b5f80f7\" data-element_type=\"section\" data-e-type=\"section\">\n\t\t\t\t\t\t<div class=\"elementor-container elementor-column-gap-default\">\n\t\t\t\t\t<div class=\"elementor-column elementor-col-100 elementor-top-column elementor-element elementor-element-3fe438c\" data-id=\"3fe438c\" data-element_type=\"column\" data-e-type=\"column\">\n\t\t\t<div class=\"elementor-widget-wrap elementor-element-populated\">\n\t\t\t\t\t\t<div class=\"elementor-element elementor-element-c5989f1 elementor-nav-menu__align-end elementor-nav-menu--stretch elementor-nav-menu--dropdown-tablet elementor-nav-menu__text-align-aside elementor-nav-menu--toggle elementor-nav-menu--burger elementor-widget elementor-widget-global elementor-global-751 elementor-widget-nav-menu\" data-id=\"c5989f1\" data-element_type=\"widget\" data-e-type=\"widget\" data-settings=\"{&quot;full_width&quot;:&quot;stretch&quot;,&quot;submenu_icon&quot;:{&quot;value&quot;:&quot;fas fa-angle-down&quot;,&quot;library&quot;:&quot;fa-solid&quot;},&quot;layout&quot;:&quot;horizontal&quot;,&quot;toggle&quot;:&quot;burger&quot;}\" data-widget_type=\"nav-menu.default\">\n\t\t\t\t<div class=\"elementor-widget-container\">\n\t\t\t\t\t\t\t\t<nav aria-label=\"Men\u00fc\" class=\"elementor-nav-menu--main elementor-nav-menu__container elementor-nav-menu--layout-horizontal e--pointer-none\">\n\t\t\t\t<ul id=\"menu-1-c5989f1\" class=\"elementor-nav-menu\"><li class=\"menu-item menu-item-type-post_type menu-item-object-page menu-item-home menu-item-593\"><a href=\"https:\/\/www.mm-therapiepraxis.ch\/\" class=\"elementor-item\">MM-Therapiepraxis.ch<\/a><\/li>\n<li class=\"menu-item menu-item-type-post_type menu-item-object-page menu-item-has-children menu-item-143\"><a href=\"https:\/\/www.mm-therapiepraxis.ch\/?page_id=18\" class=\"elementor-item\">Therapie &#038; Massage<\/a>\n<ul class=\"sub-menu elementor-nav-menu--dropdown\">\n\t<li class=\"menu-item menu-item-type-post_type menu-item-object-page menu-item-776\"><a href=\"https:\/\/www.mm-therapiepraxis.ch\/?page_id=19\" class=\"elementor-sub-item\">Triggerpunkt-Therapie<\/a><\/li>\n\t<li class=\"menu-item menu-item-type-post_type menu-item-object-page menu-item-781\"><a href=\"https:\/\/www.mm-therapiepraxis.ch\/?page_id=20\" class=\"elementor-sub-item\">Tiefenmassage<\/a><\/li>\n\t<li class=\"menu-item menu-item-type-post_type menu-item-object-page menu-item-780\"><a href=\"https:\/\/www.mm-therapiepraxis.ch\/?page_id=21\" class=\"elementor-sub-item\">Fussreflexzonenmassage<\/a><\/li>\n\t<li class=\"menu-item menu-item-type-post_type menu-item-object-page menu-item-779\"><a href=\"https:\/\/www.mm-therapiepraxis.ch\/?page_id=22\" class=\"elementor-sub-item\">Dorn-Breuss-Therapie<\/a><\/li>\n\t<li class=\"menu-item menu-item-type-post_type menu-item-object-page menu-item-has-children menu-item-777\"><a href=\"https:\/\/www.mm-therapiepraxis.ch\/?page_id=24\" class=\"elementor-sub-item\">Klassische Massage<\/a>\n\t<ul class=\"sub-menu elementor-nav-menu--dropdown\">\n\t\t<li class=\"menu-item menu-item-type-post_type menu-item-object-page menu-item-1052\"><a href=\"https:\/\/www.mm-therapiepraxis.ch\/?page_id=1033\" class=\"elementor-sub-item\">Kopfschmerzen und Migr\u00e4ne<\/a><\/li>\n\t\t<li class=\"menu-item menu-item-type-post_type menu-item-object-page menu-item-1500\"><a href=\"https:\/\/www.mm-therapiepraxis.ch\/?page_id=1476\" class=\"elementor-sub-item\">Fatigue-Syndrom<\/a><\/li>\n\t<\/ul>\n<\/li>\n\t<li class=\"menu-item menu-item-type-post_type menu-item-object-page menu-item-1470\"><a href=\"https:\/\/www.mm-therapiepraxis.ch\/?page_id=1456\" class=\"elementor-sub-item\">Lymphdrainage<\/a><\/li>\n\t<li class=\"menu-item menu-item-type-post_type menu-item-object-page menu-item-1512\"><a href=\"https:\/\/www.mm-therapiepraxis.ch\/?page_id=1502\" class=\"elementor-sub-item\">Andullation<\/a><\/li>\n\t<li class=\"menu-item menu-item-type-post_type menu-item-object-page menu-item-150\"><a href=\"https:\/\/www.mm-therapiepraxis.ch\/?page_id=133\" class=\"elementor-sub-item\">Specials<\/a><\/li>\n<\/ul>\n<\/li>\n<li class=\"menu-item menu-item-type-post_type menu-item-object-page menu-item-1084\"><a href=\"https:\/\/www.mm-therapiepraxis.ch\/?page_id=1075\" class=\"elementor-item\">Krankenkasse<\/a><\/li>\n<li class=\"menu-item menu-item-type-post_type menu-item-object-page menu-item-has-children menu-item-1431\"><a href=\"https:\/\/www.mm-therapiepraxis.ch\/?page_id=1425\" class=\"elementor-item\">\u00dcber mich<\/a>\n<ul class=\"sub-menu elementor-nav-menu--dropdown\">\n\t<li class=\"menu-item menu-item-type-post_type menu-item-object-page menu-item-144\"><a href=\"https:\/\/www.mm-therapiepraxis.ch\/?page_id=16\" class=\"elementor-sub-item\">\u00dcber mich<\/a><\/li>\n\t<li class=\"menu-item menu-item-type-post_type menu-item-object-page menu-item-145\"><a href=\"https:\/\/www.mm-therapiepraxis.ch\/?page_id=17\" class=\"elementor-sub-item\">CV<\/a><\/li>\n<\/ul>\n<\/li>\n<li class=\"menu-item menu-item-type-post_type menu-item-object-page menu-item-has-children menu-item-149\"><a href=\"https:\/\/www.mm-therapiepraxis.ch\/?page_id=132\" class=\"elementor-item\">Kontakt<\/a>\n<ul class=\"sub-menu elementor-nav-menu--dropdown\">\n\t<li class=\"menu-item menu-item-type-post_type menu-item-object-page menu-item-1331\"><a href=\"https:\/\/www.mm-therapiepraxis.ch\/?page_id=1319\" class=\"elementor-sub-item\">Impressum<\/a><\/li>\n<\/ul>\n<\/li>\n<\/ul>\t\t\t<\/nav>\n\t\t\t\t\t<div class=\"elementor-menu-toggle\" role=\"button\" tabindex=\"0\" aria-label=\"Men\u00fc Umschalter\" aria-expanded=\"false\">\n\t\t\t<i aria-hidden=\"true\" role=\"presentation\" class=\"elementor-menu-toggle__icon--open eicon-menu-bar\"><\/i><i aria-hidden=\"true\" role=\"presentation\" class=\"elementor-menu-toggle__icon--close eicon-close\"><\/i>\t\t<\/div>\n\t\t\t\t\t<nav class=\"elementor-nav-menu--dropdown elementor-nav-menu__container\" aria-hidden=\"true\">\n\t\t\t\t<ul id=\"menu-2-c5989f1\" class=\"elementor-nav-menu\"><li class=\"menu-item menu-item-type-post_type menu-item-object-page menu-item-home menu-item-593\"><a href=\"https:\/\/www.mm-therapiepraxis.ch\/\" class=\"elementor-item\" tabindex=\"-1\">MM-Therapiepraxis.ch<\/a><\/li>\n<li class=\"menu-item menu-item-type-post_type menu-item-object-page menu-item-has-children menu-item-143\"><a href=\"https:\/\/www.mm-therapiepraxis.ch\/?page_id=18\" class=\"elementor-item\" tabindex=\"-1\">Therapie &#038; Massage<\/a>\n<ul class=\"sub-menu elementor-nav-menu--dropdown\">\n\t<li class=\"menu-item menu-item-type-post_type menu-item-object-page menu-item-776\"><a href=\"https:\/\/www.mm-therapiepraxis.ch\/?page_id=19\" class=\"elementor-sub-item\" tabindex=\"-1\">Triggerpunkt-Therapie<\/a><\/li>\n\t<li class=\"menu-item menu-item-type-post_type menu-item-object-page menu-item-781\"><a href=\"https:\/\/www.mm-therapiepraxis.ch\/?page_id=20\" class=\"elementor-sub-item\" tabindex=\"-1\">Tiefenmassage<\/a><\/li>\n\t<li class=\"menu-item menu-item-type-post_type menu-item-object-page menu-item-780\"><a href=\"https:\/\/www.mm-therapiepraxis.ch\/?page_id=21\" class=\"elementor-sub-item\" tabindex=\"-1\">Fussreflexzonenmassage<\/a><\/li>\n\t<li class=\"menu-item menu-item-type-post_type menu-item-object-page menu-item-779\"><a href=\"https:\/\/www.mm-therapiepraxis.ch\/?page_id=22\" class=\"elementor-sub-item\" tabindex=\"-1\">Dorn-Breuss-Therapie<\/a><\/li>\n\t<li class=\"menu-item menu-item-type-post_type menu-item-object-page menu-item-has-children menu-item-777\"><a href=\"https:\/\/www.mm-therapiepraxis.ch\/?page_id=24\" class=\"elementor-sub-item\" tabindex=\"-1\">Klassische Massage<\/a>\n\t<ul class=\"sub-menu elementor-nav-menu--dropdown\">\n\t\t<li class=\"menu-item menu-item-type-post_type menu-item-object-page menu-item-1052\"><a href=\"https:\/\/www.mm-therapiepraxis.ch\/?page_id=1033\" class=\"elementor-sub-item\" tabindex=\"-1\">Kopfschmerzen und Migr\u00e4ne<\/a><\/li>\n\t\t<li class=\"menu-item menu-item-type-post_type menu-item-object-page menu-item-1500\"><a href=\"https:\/\/www.mm-therapiepraxis.ch\/?page_id=1476\" class=\"elementor-sub-item\" tabindex=\"-1\">Fatigue-Syndrom<\/a><\/li>\n\t<\/ul>\n<\/li>\n\t<li class=\"menu-item menu-item-type-post_type menu-item-object-page menu-item-1470\"><a href=\"https:\/\/www.mm-therapiepraxis.ch\/?page_id=1456\" class=\"elementor-sub-item\" tabindex=\"-1\">Lymphdrainage<\/a><\/li>\n\t<li class=\"menu-item menu-item-type-post_type menu-item-object-page menu-item-1512\"><a href=\"https:\/\/www.mm-therapiepraxis.ch\/?page_id=1502\" class=\"elementor-sub-item\" tabindex=\"-1\">Andullation<\/a><\/li>\n\t<li class=\"menu-item menu-item-type-post_type menu-item-object-page menu-item-150\"><a href=\"https:\/\/www.mm-therapiepraxis.ch\/?page_id=133\" class=\"elementor-sub-item\" tabindex=\"-1\">Specials<\/a><\/li>\n<\/ul>\n<\/li>\n<li class=\"menu-item menu-item-type-post_type menu-item-object-page menu-item-1084\"><a href=\"https:\/\/www.mm-therapiepraxis.ch\/?page_id=1075\" class=\"elementor-item\" tabindex=\"-1\">Krankenkasse<\/a><\/li>\n<li class=\"menu-item menu-item-type-post_type menu-item-object-page menu-item-has-children menu-item-1431\"><a href=\"https:\/\/www.mm-therapiepraxis.ch\/?page_id=1425\" class=\"elementor-item\" tabindex=\"-1\">\u00dcber mich<\/a>\n<ul class=\"sub-menu elementor-nav-menu--dropdown\">\n\t<li class=\"menu-item menu-item-type-post_type menu-item-object-page menu-item-144\"><a href=\"https:\/\/www.mm-therapiepraxis.ch\/?page_id=16\" class=\"elementor-sub-item\" tabindex=\"-1\">\u00dcber mich<\/a><\/li>\n\t<li class=\"menu-item menu-item-type-post_type menu-item-object-page menu-item-145\"><a href=\"https:\/\/www.mm-therapiepraxis.ch\/?page_id=17\" class=\"elementor-sub-item\" tabindex=\"-1\">CV<\/a><\/li>\n<\/ul>\n<\/li>\n<li class=\"menu-item menu-item-type-post_type menu-item-object-page menu-item-has-children menu-item-149\"><a href=\"https:\/\/www.mm-therapiepraxis.ch\/?page_id=132\" class=\"elementor-item\" tabindex=\"-1\">Kontakt<\/a>\n<ul class=\"sub-menu elementor-nav-menu--dropdown\">\n\t<li class=\"menu-item menu-item-type-post_type menu-item-object-page menu-item-1331\"><a href=\"https:\/\/www.mm-therapiepraxis.ch\/?page_id=1319\" class=\"elementor-sub-item\" tabindex=\"-1\">Impressum<\/a><\/li>\n<\/ul>\n<\/li>\n<\/ul>\t\t\t<\/nav>\n\t\t\t\t\t\t<\/div>\n\t\t\t\t<\/div>\n\t\t\t\t<div class=\"elementor-element elementor-element-28f4bc3 elementor-widget elementor-widget-heading\" data-id=\"28f4bc3\" data-element_type=\"widget\" data-e-type=\"widget\" data-widget_type=\"heading.default\">\n\t\t\t\t<div class=\"elementor-widget-container\">\n\t\t\t\t\t<h1 class=\"elementor-heading-title elementor-size-xxl\">Kontakt<\/h1>\t\t\t\t<\/div>\n\t\t\t\t<\/div>\n\t\t\t\t\t<\/div>\n\t\t<\/div>\n\t\t\t\t\t<\/div>\n\t\t<\/section>\n\t\t\t\t<section class=\"elementor-section elementor-top-section elementor-element elementor-element-9507365 elementor-section-boxed elementor-section-height-default elementor-section-height-default\" data-id=\"9507365\" data-element_type=\"section\" data-e-type=\"section\">\n\t\t\t\t\t\t<div class=\"elementor-container elementor-column-gap-default\">\n\t\t\t\t\t<div class=\"elementor-column elementor-col-100 elementor-top-column elementor-element elementor-element-8b1a1ac\" data-id=\"8b1a1ac\" data-element_type=\"column\" data-e-type=\"column\">\n\t\t\t<div class=\"elementor-widget-wrap elementor-element-populated\">\n\t\t\t\t\t\t<div class=\"elementor-element elementor-element-999526b elementor-widget elementor-widget-text-editor\" data-id=\"999526b\" data-element_type=\"widget\" data-e-type=\"widget\" data-widget_type=\"text-editor.default\">\n\t\t\t\t<div class=\"elementor-widget-container\">\n\t\t\t\t\t\t\t\t\t<h5>Sie m\u00f6chten meine Angebote kennen lernen?<\/h5><h5>Bitte melden Sie sich telefonisch, per WhatsApp oder E-Mail&#8230;<\/h5>\t\t\t\t\t\t\t\t<\/div>\n\t\t\t\t<\/div>\n\t\t\t\t\t<\/div>\n\t\t<\/div>\n\t\t\t\t\t<\/div>\n\t\t<\/section>\n\t\t\t\t<section class=\"elementor-section elementor-top-section elementor-element elementor-element-e7edc28 elementor-section-boxed elementor-section-height-default elementor-section-height-default\" data-id=\"e7edc28\" data-element_type=\"section\" data-e-type=\"section\">\n\t\t\t\t\t\t<div class=\"elementor-container elementor-column-gap-default\">\n\t\t\t\t\t<div class=\"elementor-column elementor-col-100 elementor-top-column elementor-element elementor-element-fdb12c5\" data-id=\"fdb12c5\" data-element_type=\"column\" data-e-type=\"column\">\n\t\t\t<div class=\"elementor-widget-wrap elementor-element-populated\">\n\t\t\t\t\t\t<section class=\"elementor-section elementor-inner-section elementor-element elementor-element-e8a0c62 elementor-section-boxed elementor-section-height-default elementor-section-height-default\" data-id=\"e8a0c62\" data-element_type=\"section\" data-e-type=\"section\">\n\t\t\t\t\t\t<div class=\"elementor-container elementor-column-gap-default\">\n\t\t\t\t\t<div class=\"elementor-column elementor-col-50 elementor-inner-column elementor-element elementor-element-3608c9b\" data-id=\"3608c9b\" data-element_type=\"column\" data-e-type=\"column\">\n\t\t\t<div class=\"elementor-widget-wrap elementor-element-populated\">\n\t\t\t\t\t\t<div class=\"elementor-element elementor-element-78a32f7 elementor-widget elementor-widget-google_maps\" data-id=\"78a32f7\" data-element_type=\"widget\" data-e-type=\"widget\" data-widget_type=\"google_maps.default\">\n\t\t\t\t<div class=\"elementor-widget-container\">\n\t\t\t\t\t\t\t<div class=\"elementor-custom-embed\">\n\t\t\t<iframe loading=\"lazy\"\n\t\t\t\t\tsrc=\"https:\/\/maps.google.com\/maps?q=B%C3%A4rengasse%2023%2C%204800%20Zofingen&#038;t=m&#038;z=17&#038;output=embed&#038;iwloc=near\"\n\t\t\t\t\ttitle=\"B\u00e4rengasse 23, 4800 Zofingen\"\n\t\t\t\t\taria-label=\"B\u00e4rengasse 23, 4800 Zofingen\"\n\t\t\t><\/iframe>\n\t\t<\/div>\n\t\t\t\t\t\t<\/div>\n\t\t\t\t<\/div>\n\t\t\t\t\t<\/div>\n\t\t<\/div>\n\t\t\t\t<div class=\"elementor-column elementor-col-50 elementor-inner-column elementor-element elementor-element-a711e98\" data-id=\"a711e98\" data-element_type=\"column\" data-e-type=\"column\">\n\t\t\t<div class=\"elementor-widget-wrap elementor-element-populated\">\n\t\t\t\t\t\t<div class=\"elementor-element elementor-element-84d2c02 elementor-widget elementor-widget-text-editor\" data-id=\"84d2c02\" data-element_type=\"widget\" data-e-type=\"widget\" data-widget_type=\"text-editor.default\">\n\t\t\t\t<div class=\"elementor-widget-container\">\n\t\t\t\t\t\t\t\t\t<h2>MM-Therapiepraxis<br \/>Mihaela Maria Vlasin<br \/>B\u00e4rengasse 23<br \/>4800 Zofingen<\/h2><h2>Telefon 079 199 55 88<\/h2><h2>termin@mm-therapiepraxis.ch<\/h2>\t\t\t\t\t\t\t\t<\/div>\n\t\t\t\t<\/div>\n\t\t\t\t<div class=\"elementor-element elementor-element-4247fd5 elementor-align-left elementor-mobile-align-center elementor-widget elementor-widget-button\" data-id=\"4247fd5\" data-element_type=\"widget\" data-e-type=\"widget\" data-widget_type=\"button.default\">\n\t\t\t\t<div class=\"elementor-widget-container\">\n\t\t\t\t\t\t\t\t\t<div class=\"elementor-button-wrapper\">\n\t\t\t\t\t<a class=\"elementor-button elementor-button-link elementor-size-xs\" href=\"mailto:termin@mm-therapiepraxis.ch?subject=Kontakt%20Website\">\n\t\t\t\t\t\t<span class=\"elementor-button-content-wrapper\">\n\t\t\t\t\t\t\t\t\t<span class=\"elementor-button-text\">Mail<\/span>\n\t\t\t\t\t<\/span>\n\t\t\t\t\t<\/a>\n\t\t\t\t<\/div>\n\t\t\t\t\t\t\t\t<\/div>\n\t\t\t\t<\/div>\n\t\t\t\t\t<\/div>\n\t\t<\/div>\n\t\t\t\t\t<\/div>\n\t\t<\/section>\n\t\t\t\t\t<\/div>\n\t\t<\/div>\n\t\t\t\t\t<\/div>\n\t\t<\/section>\n\t\t\t\t<\/div>\n\t\t","protected":false},"excerpt":{"rendered":"<p>Kontakt Sie m\u00f6chten meine Angebote kennen lernen? Bitte melden Sie sich telefonisch, per WhatsApp oder E-Mail&#8230; MM-TherapiepraxisMihaela Maria VlasinB\u00e4rengasse 234800 Zofingen Telefon 079 199 55 88 termin@mm-therapiepraxis.ch Mail<\/p>\n","protected":false},"author":1,"featured_media":0,"parent":0,"menu_order":5,"comment_status":"closed","ping_status":"closed","template":"","meta":{"footnotes":""},"class_list":["post-132","page","type-page","status-publish","hentry"],"yoast_head":"<!-- This site is optimized with the Yoast SEO plugin v26.9 - https:\/\/yoast.com\/product\/yoast-seo-wordpress\/ -->\n<title>Kontakt - MM-THERAPIEPRAXIS<\/title>\n<meta name=\"description\" content=\"Sie m\u00f6chten meine Angebote kennen lernen? Bitte melden Sie sich telefonisch, per Whatsapp oder E-Mail.\" \/>\n<meta name=\"robots\" content=\"index, follow, max-snippet:-1, max-image-preview:large, max-video-preview:-1\" \/>\n<link rel=\"canonical\" href=\"https:\/\/www.mm-therapiepraxis.ch\/?page_id=132\" \/>\n<meta property=\"og:locale\" content=\"de_DE\" \/>\n<meta property=\"og:type\" content=\"article\" \/>\n<meta property=\"og:title\" content=\"Kontakt - MM-THERAPIEPRAXIS\" \/>\n<meta property=\"og:description\" content=\"Sie m\u00f6chten meine Angebote kennen lernen? Bitte melden Sie sich telefonisch, per Whatsapp oder E-Mail.\" \/>\n<meta property=\"og:url\" content=\"https:\/\/www.mm-therapiepraxis.ch\/?page_id=132\" \/>\n<meta property=\"og:site_name\" content=\"MM-THERAPIEPRAXIS\" \/>\n<meta property=\"article:modified_time\" content=\"2025-08-13T08:32:13+00:00\" \/>\n<meta name=\"twitter:card\" content=\"summary_large_image\" \/>\n<meta name=\"twitter:label1\" content=\"Gesch\u00e4tzte Lesezeit\" \/>\n\t<meta name=\"twitter:data1\" content=\"1\u00a0Minute\" \/>\n<script type=\"application\/ld+json\" class=\"yoast-schema-graph\">{\"@context\":\"https:\/\/schema.org\",\"@graph\":[{\"@type\":\"WebPage\",\"@id\":\"https:\/\/www.mm-therapiepraxis.ch\/?page_id=132\",\"url\":\"https:\/\/www.mm-therapiepraxis.ch\/?page_id=132\",\"name\":\"Kontakt - MM-THERAPIEPRAXIS\",\"isPartOf\":{\"@id\":\"https:\/\/www.mm-therapiepraxis.ch\/#website\"},\"datePublished\":\"2022-11-05T14:05:21+00:00\",\"dateModified\":\"2025-08-13T08:32:13+00:00\",\"description\":\"Sie m\u00f6chten meine Angebote kennen lernen? Bitte melden Sie sich telefonisch, per Whatsapp oder E-Mail.\",\"breadcrumb\":{\"@id\":\"https:\/\/www.mm-therapiepraxis.ch\/?page_id=132#breadcrumb\"},\"inLanguage\":\"de\",\"potentialAction\":[{\"@type\":\"ReadAction\",\"target\":[\"https:\/\/www.mm-therapiepraxis.ch\/?page_id=132\"]}]},{\"@type\":\"BreadcrumbList\",\"@id\":\"https:\/\/www.mm-therapiepraxis.ch\/?page_id=132#breadcrumb\",\"itemListElement\":[{\"@type\":\"ListItem\",\"position\":1,\"name\":\"Startseite\",\"item\":\"https:\/\/www.mm-therapiepraxis.ch\/\"},{\"@type\":\"ListItem\",\"position\":2,\"name\":\"Kontakt\"}]},{\"@type\":\"WebSite\",\"@id\":\"https:\/\/www.mm-therapiepraxis.ch\/#website\",\"url\":\"https:\/\/www.mm-therapiepraxis.ch\/\",\"name\":\"MM-THERAPIEPRAXIS\",\"description\":\"Praxis f\u00fcr Massagen in der Altstadt Zofingen. Unabh\u00e4ngig ob Sie aus medizinischen Gr\u00fcnden oder einfach zum Entspannen vorbeikommen. G\u00f6nnen Sie Ihrem K\u00f6rper Erholung. Parkpl\u00e4tze gen\u00fcgend vorhanden. Krankenkasse anerkannt.\",\"publisher\":{\"@id\":\"https:\/\/www.mm-therapiepraxis.ch\/#organization\"},\"potentialAction\":[{\"@type\":\"SearchAction\",\"target\":{\"@type\":\"EntryPoint\",\"urlTemplate\":\"https:\/\/www.mm-therapiepraxis.ch\/?s={search_term_string}\"},\"query-input\":{\"@type\":\"PropertyValueSpecification\",\"valueRequired\":true,\"valueName\":\"search_term_string\"}}],\"inLanguage\":\"de\"},{\"@type\":\"Organization\",\"@id\":\"https:\/\/www.mm-therapiepraxis.ch\/#organization\",\"name\":\"MM-THERAPIEPRAXIS\",\"url\":\"https:\/\/www.mm-therapiepraxis.ch\/\",\"logo\":{\"@type\":\"ImageObject\",\"inLanguage\":\"de\",\"@id\":\"https:\/\/www.mm-therapiepraxis.ch\/#\/schema\/logo\/image\/\",\"url\":\"https:\/\/www.mm-therapiepraxis.ch\/wp-content\/uploads\/2022\/11\/MM-Therapiepraxis_Visitenkarten85-\u00d7-55-mm.png\",\"contentUrl\":\"https:\/\/www.mm-therapiepraxis.ch\/wp-content\/uploads\/2022\/11\/MM-Therapiepraxis_Visitenkarten85-\u00d7-55-mm.png\",\"width\":1004,\"height\":650,\"caption\":\"MM-THERAPIEPRAXIS\"},\"image\":{\"@id\":\"https:\/\/www.mm-therapiepraxis.ch\/#\/schema\/logo\/image\/\"}}]}<\/script>\n<!-- \/ Yoast SEO plugin. -->","yoast_head_json":{"title":"Kontakt - MM-THERAPIEPRAXIS","description":"Sie m\u00f6chten meine Angebote kennen lernen? Bitte melden Sie sich telefonisch, per Whatsapp oder E-Mail.","robots":{"index":"index","follow":"follow","max-snippet":"max-snippet:-1","max-image-preview":"max-image-preview:large","max-video-preview":"max-video-preview:-1"},"canonical":"https:\/\/www.mm-therapiepraxis.ch\/?page_id=132","og_locale":"de_DE","og_type":"article","og_title":"Kontakt - MM-THERAPIEPRAXIS","og_description":"Sie m\u00f6chten meine Angebote kennen lernen? Bitte melden Sie sich telefonisch, per Whatsapp oder E-Mail.","og_url":"https:\/\/www.mm-therapiepraxis.ch\/?page_id=132","og_site_name":"MM-THERAPIEPRAXIS","article_modified_time":"2025-08-13T08:32:13+00:00","twitter_card":"summary_large_image","twitter_misc":{"Gesch\u00e4tzte Lesezeit":"1\u00a0Minute"},"schema":{"@context":"https:\/\/schema.org","@graph":[{"@type":"WebPage","@id":"https:\/\/www.mm-therapiepraxis.ch\/?page_id=132","url":"https:\/\/www.mm-therapiepraxis.ch\/?page_id=132","name":"Kontakt - MM-THERAPIEPRAXIS","isPartOf":{"@id":"https:\/\/www.mm-therapiepraxis.ch\/#website"},"datePublished":"2022-11-05T14:05:21+00:00","dateModified":"2025-08-13T08:32:13+00:00","description":"Sie m\u00f6chten meine Angebote kennen lernen? Bitte melden Sie sich telefonisch, per Whatsapp oder E-Mail.","breadcrumb":{"@id":"https:\/\/www.mm-therapiepraxis.ch\/?page_id=132#breadcrumb"},"inLanguage":"de","potentialAction":[{"@type":"ReadAction","target":["https:\/\/www.mm-therapiepraxis.ch\/?page_id=132"]}]},{"@type":"BreadcrumbList","@id":"https:\/\/www.mm-therapiepraxis.ch\/?page_id=132#breadcrumb","itemListElement":[{"@type":"ListItem","position":1,"name":"Startseite","item":"https:\/\/www.mm-therapiepraxis.ch\/"},{"@type":"ListItem","position":2,"name":"Kontakt"}]},{"@type":"WebSite","@id":"https:\/\/www.mm-therapiepraxis.ch\/#website","url":"https:\/\/www.mm-therapiepraxis.ch\/","name":"MM-THERAPIEPRAXIS","description":"Praxis f\u00fcr Massagen in der Altstadt Zofingen. Unabh\u00e4ngig ob Sie aus medizinischen Gr\u00fcnden oder einfach zum Entspannen vorbeikommen. G\u00f6nnen Sie Ihrem K\u00f6rper Erholung. Parkpl\u00e4tze gen\u00fcgend vorhanden. Krankenkasse anerkannt.","publisher":{"@id":"https:\/\/www.mm-therapiepraxis.ch\/#organization"},"potentialAction":[{"@type":"SearchAction","target":{"@type":"EntryPoint","urlTemplate":"https:\/\/www.mm-therapiepraxis.ch\/?s={search_term_string}"},"query-input":{"@type":"PropertyValueSpecification","valueRequired":true,"valueName":"search_term_string"}}],"inLanguage":"de"},{"@type":"Organization","@id":"https:\/\/www.mm-therapiepraxis.ch\/#organization","name":"MM-THERAPIEPRAXIS","url":"https:\/\/www.mm-therapiepraxis.ch\/","logo":{"@type":"ImageObject","inLanguage":"de","@id":"https:\/\/www.mm-therapiepraxis.ch\/#\/schema\/logo\/image\/","url":"https:\/\/www.mm-therapiepraxis.ch\/wp-content\/uploads\/2022\/11\/MM-Therapiepraxis_Visitenkarten85-\u00d7-55-mm.png","contentUrl":"https:\/\/www.mm-therapiepraxis.ch\/wp-content\/uploads\/2022\/11\/MM-Therapiepraxis_Visitenkarten85-\u00d7-55-mm.png","width":1004,"height":650,"caption":"MM-THERAPIEPRAXIS"},"image":{"@id":"https:\/\/www.mm-therapiepraxis.ch\/#\/schema\/logo\/image\/"}}]}},"_links":{"self":[{"href":"https:\/\/www.mm-therapiepraxis.ch\/index.php?rest_route=\/wp\/v2\/pages\/132","targetHints":{"allow":["GET"]}}],"collection":[{"href":"https:\/\/www.mm-therapiepraxis.ch\/index.php?rest_route=\/wp\/v2\/pages"}],"about":[{"href":"https:\/\/www.mm-therapiepraxis.ch\/index.php?rest_route=\/wp\/v2\/types\/page"}],"author":[{"embeddable":true,"href":"https:\/\/www.mm-therapiepraxis.ch\/index.php?rest_route=\/wp\/v2\/users\/1"}],"replies":[{"embeddable":true,"href":"https:\/\/www.mm-therapiepraxis.ch\/index.php?rest_route=%2Fwp%2Fv2%2Fcomments&post=132"}],"version-history":[{"count":51,"href":"https:\/\/www.mm-therapiepraxis.ch\/index.php?rest_route=\/wp\/v2\/pages\/132\/revisions"}],"predecessor-version":[{"id":1562,"href":"https:\/\/www.mm-therapiepraxis.ch\/index.php?rest_route=\/wp\/v2\/pages\/132\/revisions\/1562"}],"wp:attachment":[{"href":"https:\/\/www.mm-therapiepraxis.ch\/index.php?rest_route=%2Fwp%2Fv2%2Fmedia&parent=132"}],"curies":[{"name":"wp","href":"https:\/\/api.w.org\/{rel}","templated":true}]}}