{"id":1075,"date":"2022-11-24T18:03:24","date_gmt":"2022-11-24T18:03:24","guid":{"rendered":"https:\/\/www.mm-therapiepraxis.ch\/?page_id=1075"},"modified":"2023-02-21T10:08:58","modified_gmt":"2023-02-21T10:08:58","slug":"kostenbeteiligung-der-krankenkassen","status":"publish","type":"page","link":"https:\/\/www.mm-therapiepraxis.ch\/?page_id=1075","title":{"rendered":"Krankenkasse"},"content":{"rendered":"\t\t<div data-elementor-type=\"wp-page\" data-elementor-id=\"1075\" class=\"elementor elementor-1075\" data-elementor-post-type=\"page\">\n\t\t\t\t\t\t<section class=\"elementor-section elementor-top-section elementor-element elementor-element-ceb1fd8 elementor-section-boxed elementor-section-height-default elementor-section-height-default\" data-id=\"ceb1fd8\" data-element_type=\"section\" data-e-type=\"section\">\n\t\t\t\t\t\t<div class=\"elementor-container elementor-column-gap-default\">\n\t\t\t\t\t<div class=\"elementor-column elementor-col-100 elementor-top-column elementor-element elementor-element-fc05ec7\" data-id=\"fc05ec7\" data-element_type=\"column\" data-e-type=\"column\">\n\t\t\t<div class=\"elementor-widget-wrap elementor-element-populated\">\n\t\t\t\t\t\t<div class=\"elementor-element elementor-element-d22e773 elementor-nav-menu__align-end elementor-nav-menu--stretch elementor-nav-menu--dropdown-tablet elementor-nav-menu__text-align-aside elementor-nav-menu--toggle elementor-nav-menu--burger elementor-widget elementor-widget-global elementor-global-751 elementor-widget-nav-menu\" data-id=\"d22e773\" data-element_type=\"widget\" data-e-type=\"widget\" data-settings=\"{&quot;full_width&quot;:&quot;stretch&quot;,&quot;submenu_icon&quot;:{&quot;value&quot;:&quot;fas fa-angle-down&quot;,&quot;library&quot;:&quot;fa-solid&quot;},&quot;layout&quot;:&quot;horizontal&quot;,&quot;toggle&quot;:&quot;burger&quot;}\" data-widget_type=\"nav-menu.default\">\n\t\t\t\t<div class=\"elementor-widget-container\">\n\t\t\t\t\t\t\t\t<nav aria-label=\"Men\u00fc\" class=\"elementor-nav-menu--main elementor-nav-menu__container elementor-nav-menu--layout-horizontal e--pointer-none\">\n\t\t\t\t<ul id=\"menu-1-d22e773\" class=\"elementor-nav-menu\"><li class=\"menu-item menu-item-type-post_type menu-item-object-page menu-item-home menu-item-593\"><a href=\"https:\/\/www.mm-therapiepraxis.ch\/\" class=\"elementor-item\">MM-Therapiepraxis.ch<\/a><\/li>\n<li class=\"menu-item menu-item-type-post_type menu-item-object-page menu-item-has-children menu-item-143\"><a href=\"https:\/\/www.mm-therapiepraxis.ch\/?page_id=18\" class=\"elementor-item\">Therapie &#038; Massage<\/a>\n<ul class=\"sub-menu elementor-nav-menu--dropdown\">\n\t<li class=\"menu-item menu-item-type-post_type menu-item-object-page menu-item-776\"><a href=\"https:\/\/www.mm-therapiepraxis.ch\/?page_id=19\" class=\"elementor-sub-item\">Triggerpunkt-Therapie<\/a><\/li>\n\t<li class=\"menu-item menu-item-type-post_type menu-item-object-page menu-item-781\"><a href=\"https:\/\/www.mm-therapiepraxis.ch\/?page_id=20\" class=\"elementor-sub-item\">Tiefenmassage<\/a><\/li>\n\t<li class=\"menu-item menu-item-type-post_type menu-item-object-page menu-item-780\"><a href=\"https:\/\/www.mm-therapiepraxis.ch\/?page_id=21\" class=\"elementor-sub-item\">Fussreflexzonenmassage<\/a><\/li>\n\t<li class=\"menu-item menu-item-type-post_type menu-item-object-page menu-item-779\"><a href=\"https:\/\/www.mm-therapiepraxis.ch\/?page_id=22\" class=\"elementor-sub-item\">Dorn-Breuss-Therapie<\/a><\/li>\n\t<li class=\"menu-item menu-item-type-post_type menu-item-object-page menu-item-has-children menu-item-777\"><a href=\"https:\/\/www.mm-therapiepraxis.ch\/?page_id=24\" class=\"elementor-sub-item\">Klassische Massage<\/a>\n\t<ul class=\"sub-menu elementor-nav-menu--dropdown\">\n\t\t<li class=\"menu-item menu-item-type-post_type menu-item-object-page menu-item-1052\"><a href=\"https:\/\/www.mm-therapiepraxis.ch\/?page_id=1033\" class=\"elementor-sub-item\">Kopfschmerzen und Migr\u00e4ne<\/a><\/li>\n\t\t<li class=\"menu-item menu-item-type-post_type menu-item-object-page menu-item-1500\"><a href=\"https:\/\/www.mm-therapiepraxis.ch\/?page_id=1476\" class=\"elementor-sub-item\">Fatigue-Syndrom<\/a><\/li>\n\t<\/ul>\n<\/li>\n\t<li class=\"menu-item menu-item-type-post_type menu-item-object-page menu-item-1470\"><a href=\"https:\/\/www.mm-therapiepraxis.ch\/?page_id=1456\" class=\"elementor-sub-item\">Lymphdrainage<\/a><\/li>\n\t<li class=\"menu-item menu-item-type-post_type menu-item-object-page menu-item-1512\"><a href=\"https:\/\/www.mm-therapiepraxis.ch\/?page_id=1502\" class=\"elementor-sub-item\">Andullation<\/a><\/li>\n\t<li class=\"menu-item menu-item-type-post_type menu-item-object-page menu-item-150\"><a href=\"https:\/\/www.mm-therapiepraxis.ch\/?page_id=133\" class=\"elementor-sub-item\">Specials<\/a><\/li>\n<\/ul>\n<\/li>\n<li class=\"menu-item menu-item-type-post_type menu-item-object-page menu-item-1084\"><a href=\"https:\/\/www.mm-therapiepraxis.ch\/?page_id=1075\" class=\"elementor-item\">Krankenkasse<\/a><\/li>\n<li class=\"menu-item menu-item-type-post_type menu-item-object-page menu-item-has-children menu-item-1431\"><a href=\"https:\/\/www.mm-therapiepraxis.ch\/?page_id=1425\" class=\"elementor-item\">\u00dcber mich<\/a>\n<ul class=\"sub-menu elementor-nav-menu--dropdown\">\n\t<li class=\"menu-item menu-item-type-post_type menu-item-object-page menu-item-144\"><a href=\"https:\/\/www.mm-therapiepraxis.ch\/?page_id=16\" class=\"elementor-sub-item\">\u00dcber mich<\/a><\/li>\n\t<li class=\"menu-item menu-item-type-post_type menu-item-object-page menu-item-145\"><a href=\"https:\/\/www.mm-therapiepraxis.ch\/?page_id=17\" class=\"elementor-sub-item\">CV<\/a><\/li>\n<\/ul>\n<\/li>\n<li class=\"menu-item menu-item-type-post_type menu-item-object-page menu-item-has-children menu-item-149\"><a href=\"https:\/\/www.mm-therapiepraxis.ch\/?page_id=132\" class=\"elementor-item\">Kontakt<\/a>\n<ul class=\"sub-menu elementor-nav-menu--dropdown\">\n\t<li class=\"menu-item menu-item-type-post_type menu-item-object-page menu-item-1331\"><a href=\"https:\/\/www.mm-therapiepraxis.ch\/?page_id=1319\" class=\"elementor-sub-item\">Impressum<\/a><\/li>\n<\/ul>\n<\/li>\n<\/ul>\t\t\t<\/nav>\n\t\t\t\t\t<div class=\"elementor-menu-toggle\" role=\"button\" tabindex=\"0\" aria-label=\"Men\u00fc Umschalter\" aria-expanded=\"false\">\n\t\t\t<i aria-hidden=\"true\" role=\"presentation\" class=\"elementor-menu-toggle__icon--open eicon-menu-bar\"><\/i><i aria-hidden=\"true\" role=\"presentation\" class=\"elementor-menu-toggle__icon--close eicon-close\"><\/i>\t\t<\/div>\n\t\t\t\t\t<nav class=\"elementor-nav-menu--dropdown elementor-nav-menu__container\" aria-hidden=\"true\">\n\t\t\t\t<ul id=\"menu-2-d22e773\" class=\"elementor-nav-menu\"><li class=\"menu-item menu-item-type-post_type menu-item-object-page menu-item-home menu-item-593\"><a href=\"https:\/\/www.mm-therapiepraxis.ch\/\" class=\"elementor-item\" tabindex=\"-1\">MM-Therapiepraxis.ch<\/a><\/li>\n<li class=\"menu-item menu-item-type-post_type menu-item-object-page menu-item-has-children menu-item-143\"><a href=\"https:\/\/www.mm-therapiepraxis.ch\/?page_id=18\" class=\"elementor-item\" tabindex=\"-1\">Therapie &#038; Massage<\/a>\n<ul class=\"sub-menu elementor-nav-menu--dropdown\">\n\t<li class=\"menu-item menu-item-type-post_type menu-item-object-page menu-item-776\"><a href=\"https:\/\/www.mm-therapiepraxis.ch\/?page_id=19\" class=\"elementor-sub-item\" tabindex=\"-1\">Triggerpunkt-Therapie<\/a><\/li>\n\t<li class=\"menu-item menu-item-type-post_type menu-item-object-page menu-item-781\"><a href=\"https:\/\/www.mm-therapiepraxis.ch\/?page_id=20\" class=\"elementor-sub-item\" tabindex=\"-1\">Tiefenmassage<\/a><\/li>\n\t<li class=\"menu-item menu-item-type-post_type menu-item-object-page menu-item-780\"><a href=\"https:\/\/www.mm-therapiepraxis.ch\/?page_id=21\" class=\"elementor-sub-item\" tabindex=\"-1\">Fussreflexzonenmassage<\/a><\/li>\n\t<li class=\"menu-item menu-item-type-post_type menu-item-object-page menu-item-779\"><a href=\"https:\/\/www.mm-therapiepraxis.ch\/?page_id=22\" class=\"elementor-sub-item\" tabindex=\"-1\">Dorn-Breuss-Therapie<\/a><\/li>\n\t<li class=\"menu-item menu-item-type-post_type menu-item-object-page menu-item-has-children menu-item-777\"><a href=\"https:\/\/www.mm-therapiepraxis.ch\/?page_id=24\" class=\"elementor-sub-item\" tabindex=\"-1\">Klassische Massage<\/a>\n\t<ul class=\"sub-menu elementor-nav-menu--dropdown\">\n\t\t<li class=\"menu-item menu-item-type-post_type menu-item-object-page menu-item-1052\"><a href=\"https:\/\/www.mm-therapiepraxis.ch\/?page_id=1033\" class=\"elementor-sub-item\" tabindex=\"-1\">Kopfschmerzen und Migr\u00e4ne<\/a><\/li>\n\t\t<li class=\"menu-item menu-item-type-post_type menu-item-object-page menu-item-1500\"><a href=\"https:\/\/www.mm-therapiepraxis.ch\/?page_id=1476\" class=\"elementor-sub-item\" tabindex=\"-1\">Fatigue-Syndrom<\/a><\/li>\n\t<\/ul>\n<\/li>\n\t<li class=\"menu-item menu-item-type-post_type menu-item-object-page menu-item-1470\"><a href=\"https:\/\/www.mm-therapiepraxis.ch\/?page_id=1456\" class=\"elementor-sub-item\" tabindex=\"-1\">Lymphdrainage<\/a><\/li>\n\t<li class=\"menu-item menu-item-type-post_type menu-item-object-page menu-item-1512\"><a href=\"https:\/\/www.mm-therapiepraxis.ch\/?page_id=1502\" class=\"elementor-sub-item\" tabindex=\"-1\">Andullation<\/a><\/li>\n\t<li class=\"menu-item menu-item-type-post_type menu-item-object-page menu-item-150\"><a href=\"https:\/\/www.mm-therapiepraxis.ch\/?page_id=133\" class=\"elementor-sub-item\" tabindex=\"-1\">Specials<\/a><\/li>\n<\/ul>\n<\/li>\n<li class=\"menu-item menu-item-type-post_type menu-item-object-page menu-item-1084\"><a href=\"https:\/\/www.mm-therapiepraxis.ch\/?page_id=1075\" class=\"elementor-item\" tabindex=\"-1\">Krankenkasse<\/a><\/li>\n<li class=\"menu-item menu-item-type-post_type menu-item-object-page menu-item-has-children menu-item-1431\"><a href=\"https:\/\/www.mm-therapiepraxis.ch\/?page_id=1425\" class=\"elementor-item\" tabindex=\"-1\">\u00dcber mich<\/a>\n<ul class=\"sub-menu elementor-nav-menu--dropdown\">\n\t<li class=\"menu-item menu-item-type-post_type menu-item-object-page menu-item-144\"><a href=\"https:\/\/www.mm-therapiepraxis.ch\/?page_id=16\" class=\"elementor-sub-item\" tabindex=\"-1\">\u00dcber mich<\/a><\/li>\n\t<li class=\"menu-item menu-item-type-post_type menu-item-object-page menu-item-145\"><a href=\"https:\/\/www.mm-therapiepraxis.ch\/?page_id=17\" class=\"elementor-sub-item\" tabindex=\"-1\">CV<\/a><\/li>\n<\/ul>\n<\/li>\n<li class=\"menu-item menu-item-type-post_type menu-item-object-page menu-item-has-children menu-item-149\"><a href=\"https:\/\/www.mm-therapiepraxis.ch\/?page_id=132\" class=\"elementor-item\" tabindex=\"-1\">Kontakt<\/a>\n<ul class=\"sub-menu elementor-nav-menu--dropdown\">\n\t<li class=\"menu-item menu-item-type-post_type menu-item-object-page menu-item-1331\"><a href=\"https:\/\/www.mm-therapiepraxis.ch\/?page_id=1319\" class=\"elementor-sub-item\" tabindex=\"-1\">Impressum<\/a><\/li>\n<\/ul>\n<\/li>\n<\/ul>\t\t\t<\/nav>\n\t\t\t\t\t\t<\/div>\n\t\t\t\t<\/div>\n\t\t\t\t\t<\/div>\n\t\t<\/div>\n\t\t\t\t\t<\/div>\n\t\t<\/section>\n\t\t\t\t<section class=\"elementor-section elementor-top-section elementor-element elementor-element-4e22bc8 elementor-section-boxed elementor-section-height-default elementor-section-height-default\" data-id=\"4e22bc8\" data-element_type=\"section\" data-e-type=\"section\">\n\t\t\t\t\t\t<div class=\"elementor-container elementor-column-gap-default\">\n\t\t\t\t\t<div class=\"elementor-column elementor-col-100 elementor-top-column elementor-element elementor-element-b740064\" data-id=\"b740064\" data-element_type=\"column\" data-e-type=\"column\">\n\t\t\t<div class=\"elementor-widget-wrap elementor-element-populated\">\n\t\t\t\t\t\t<div class=\"elementor-element elementor-element-92c53de elementor-widget elementor-widget-heading\" data-id=\"92c53de\" data-element_type=\"widget\" data-e-type=\"widget\" data-widget_type=\"heading.default\">\n\t\t\t\t<div class=\"elementor-widget-container\">\n\t\t\t\t\t<h1 class=\"elementor-heading-title elementor-size-xl\">Kosten\u00fcbernahme Krankenkasse<\/h1>\t\t\t\t<\/div>\n\t\t\t\t<\/div>\n\t\t\t\t\t<\/div>\n\t\t<\/div>\n\t\t\t\t\t<\/div>\n\t\t<\/section>\n\t\t\t\t<section class=\"elementor-section elementor-top-section elementor-element elementor-element-d1916ac elementor-section-boxed elementor-section-height-default elementor-section-height-default\" data-id=\"d1916ac\" data-element_type=\"section\" data-e-type=\"section\">\n\t\t\t\t\t\t<div class=\"elementor-container elementor-column-gap-no\">\n\t\t\t\t\t<div class=\"elementor-column elementor-col-100 elementor-top-column elementor-element elementor-element-bcce8c9\" data-id=\"bcce8c9\" data-element_type=\"column\" data-e-type=\"column\">\n\t\t\t<div class=\"elementor-widget-wrap elementor-element-populated\">\n\t\t\t\t\t\t<section class=\"elementor-section elementor-inner-section elementor-element elementor-element-d030254 elementor-section-boxed elementor-section-height-default elementor-section-height-default\" data-id=\"d030254\" data-element_type=\"section\" data-e-type=\"section\">\n\t\t\t\t\t\t<div class=\"elementor-container elementor-column-gap-default\">\n\t\t\t\t\t<div class=\"elementor-column elementor-col-66 elementor-inner-column elementor-element elementor-element-ac0cc36\" data-id=\"ac0cc36\" data-element_type=\"column\" data-e-type=\"column\">\n\t\t\t<div class=\"elementor-widget-wrap elementor-element-populated\">\n\t\t\t\t\t\t<div class=\"elementor-element elementor-element-772bf0f elementor-widget elementor-widget-text-editor\" data-id=\"772bf0f\" data-element_type=\"widget\" data-e-type=\"widget\" data-widget_type=\"text-editor.default\">\n\t\t\t\t<div class=\"elementor-widget-container\">\n\t\t\t\t\t\t\t\t\t<h6>Als Patientinnen und Patienten von <br \/>MM-Therapiepraxis haben Sie die M\u00f6glichkeit die durchgef\u00fchrten Behandlungen \u00fcber Ihre Krankenkasse abzurechnen.<\/h6><h2>\u00dcbernimmt die Krankenkasse die Kosten?<\/h2><h6>Sie m\u00fcssen eine Zusatzversicherung in der Komplement\u00e4rmedizin abgeschlossen haben.\u00a0Wir empfehlen Ihnen, vor dem Behandlungsbeginn eine Kostengutsprache Ihrer Krankenkasse einzuholen.\u00a0MM-Therapiepraxis \u00fcbernimmt keine Haftung f\u00fcr nicht r\u00fcckerstattete Behandlungen.<\/h6><h6>MM-Therapiepraxis ist bei EMR registriert. Beim EMR handelt es sich um ein Register, welches mehrere Krankenkassen einschliesst.<\/h6><h6><a href=\"https:\/\/emr.ch\/partner\">Hier gibt es Infos zu den EMR-angeschlossenen Krankenkassen.<\/a><\/h6><h2>Brauche ich eine \u00dcberweisung vom Arzt?<\/h2><h6>Dies ist aber je nach Kasse unterschiedlich. Eine \u00e4rztliche \u00dcberweisung ist nicht in jedem Fall notwendig um sich behandeln zu lassen. Informieren Sie sich bitte vorg\u00e4ngig bei Ihrer Zusatzversicherung.<\/h6><h6><strong>Wie l\u00e4uft die Abrechnung ab?<\/strong><\/h6><h6>Die Behandlung wird per Monatsrechnung direkt dem Kunden verrechnet oder Bar in der Praxis bezahlt.<\/h6><h6>Die Leistung wird per Honorarrechnung\/ R\u00fcckforderungsbeleg an die Zusatzversicherung dem Kunden r\u00fcckerstattet.<\/h6><h6>MM-Therapiepraxis hat keinen direkten Kontakt zu den Zusatzversicherungen der Patienten. Der Kunde ist stets auf beide Seiten der Ansprechpartner.<\/h6><h6><strong>ZSR-Nr. J905864<\/strong> (diese Nummer ben\u00f6tigen Sie zur Abkl\u00e4rung der Kosten\u00fcbernahme Ihrer Krankenkasse)<\/h6>\t\t\t\t\t\t\t\t<\/div>\n\t\t\t\t<\/div>\n\t\t\t\t\t<\/div>\n\t\t<\/div>\n\t\t\t\t<div class=\"elementor-column elementor-col-33 elementor-inner-column elementor-element elementor-element-3ad79d1\" data-id=\"3ad79d1\" data-element_type=\"column\" data-e-type=\"column\">\n\t\t\t<div class=\"elementor-widget-wrap elementor-element-populated\">\n\t\t\t\t\t\t\t<\/div>\n\t\t<\/div>\n\t\t\t\t\t<\/div>\n\t\t<\/section>\n\t\t\t\t\t<\/div>\n\t\t<\/div>\n\t\t\t\t\t<\/div>\n\t\t<\/section>\n\t\t\t\t<\/div>\n\t\t","protected":false},"excerpt":{"rendered":"<p>Kosten\u00fcbernahme Krankenkasse Als Patientinnen und Patienten von MM-Therapiepraxis haben Sie die M\u00f6glichkeit die durchgef\u00fchrten Behandlungen \u00fcber Ihre Krankenkasse abzurechnen. \u00dcbernimmt die Krankenkasse die Kosten? Sie m\u00fcssen eine Zusatzversicherung in der Komplement\u00e4rmedizin abgeschlossen haben.\u00a0Wir empfehlen Ihnen, vor dem Behandlungsbeginn eine Kostengutsprache Ihrer Krankenkasse einzuholen.\u00a0MM-Therapiepraxis \u00fcbernimmt keine Haftung f\u00fcr nicht r\u00fcckerstattete Behandlungen. MM-Therapiepraxis ist bei EMR registriert. [&hellip;]<\/p>\n","protected":false},"author":1,"featured_media":0,"parent":0,"menu_order":0,"comment_status":"closed","ping_status":"closed","template":"","meta":{"footnotes":""},"class_list":["post-1075","page","type-page","status-publish","hentry"],"yoast_head":"<!-- This site is optimized with the Yoast SEO plugin v26.9 - https:\/\/yoast.com\/product\/yoast-seo-wordpress\/ -->\n<title>Krankenkasse - MM-THERAPIEPRAXIS<\/title>\n<meta name=\"description\" content=\"Als Patientinnen und Patienten von MM-Therapiepraxis haben Sie die M\u00f6glichkeit die durchgef\u00fchrten Behandlungen \u00fcber Ihre Krankenkasse abzurechnen. Die Kostenbeteiligung ist bei vielen Krankenkassen in der Schweiz gegeben.\" \/>\n<meta name=\"robots\" content=\"index, follow, max-snippet:-1, max-image-preview:large, max-video-preview:-1\" \/>\n<link rel=\"canonical\" href=\"https:\/\/www.mm-therapiepraxis.ch\/?page_id=1075\" \/>\n<meta property=\"og:locale\" content=\"de_DE\" \/>\n<meta property=\"og:type\" content=\"article\" \/>\n<meta property=\"og:title\" content=\"Krankenkasse - MM-THERAPIEPRAXIS\" \/>\n<meta property=\"og:description\" content=\"Als Patientinnen und Patienten von MM-Therapiepraxis haben Sie die M\u00f6glichkeit die durchgef\u00fchrten Behandlungen \u00fcber Ihre Krankenkasse abzurechnen. Die Kostenbeteiligung ist bei vielen Krankenkassen in der Schweiz gegeben.\" \/>\n<meta property=\"og:url\" content=\"https:\/\/www.mm-therapiepraxis.ch\/?page_id=1075\" \/>\n<meta property=\"og:site_name\" content=\"MM-THERAPIEPRAXIS\" \/>\n<meta property=\"article:modified_time\" content=\"2023-02-21T10:08:58+00:00\" \/>\n<meta name=\"twitter:card\" content=\"summary_large_image\" \/>\n<meta name=\"twitter:label1\" content=\"Gesch\u00e4tzte Lesezeit\" \/>\n\t<meta name=\"twitter:data1\" content=\"2\u00a0Minuten\" \/>\n<script type=\"application\/ld+json\" class=\"yoast-schema-graph\">{\"@context\":\"https:\/\/schema.org\",\"@graph\":[{\"@type\":\"WebPage\",\"@id\":\"https:\/\/www.mm-therapiepraxis.ch\/?page_id=1075\",\"url\":\"https:\/\/www.mm-therapiepraxis.ch\/?page_id=1075\",\"name\":\"Krankenkasse - MM-THERAPIEPRAXIS\",\"isPartOf\":{\"@id\":\"https:\/\/www.mm-therapiepraxis.ch\/#website\"},\"datePublished\":\"2022-11-24T18:03:24+00:00\",\"dateModified\":\"2023-02-21T10:08:58+00:00\",\"description\":\"Als Patientinnen und Patienten von MM-Therapiepraxis haben Sie die M\u00f6glichkeit die durchgef\u00fchrten Behandlungen \u00fcber Ihre Krankenkasse abzurechnen. Die Kostenbeteiligung ist bei vielen Krankenkassen in der Schweiz gegeben.\",\"breadcrumb\":{\"@id\":\"https:\/\/www.mm-therapiepraxis.ch\/?page_id=1075#breadcrumb\"},\"inLanguage\":\"de\",\"potentialAction\":[{\"@type\":\"ReadAction\",\"target\":[\"https:\/\/www.mm-therapiepraxis.ch\/?page_id=1075\"]}]},{\"@type\":\"BreadcrumbList\",\"@id\":\"https:\/\/www.mm-therapiepraxis.ch\/?page_id=1075#breadcrumb\",\"itemListElement\":[{\"@type\":\"ListItem\",\"position\":1,\"name\":\"Startseite\",\"item\":\"https:\/\/www.mm-therapiepraxis.ch\/\"},{\"@type\":\"ListItem\",\"position\":2,\"name\":\"Krankenkasse\"}]},{\"@type\":\"WebSite\",\"@id\":\"https:\/\/www.mm-therapiepraxis.ch\/#website\",\"url\":\"https:\/\/www.mm-therapiepraxis.ch\/\",\"name\":\"MM-THERAPIEPRAXIS\",\"description\":\"Praxis f\u00fcr Massagen in der Altstadt Zofingen. Unabh\u00e4ngig ob Sie aus medizinischen Gr\u00fcnden oder einfach zum Entspannen vorbeikommen. G\u00f6nnen Sie Ihrem K\u00f6rper Erholung. Parkpl\u00e4tze gen\u00fcgend vorhanden. Krankenkasse anerkannt.\",\"publisher\":{\"@id\":\"https:\/\/www.mm-therapiepraxis.ch\/#organization\"},\"potentialAction\":[{\"@type\":\"SearchAction\",\"target\":{\"@type\":\"EntryPoint\",\"urlTemplate\":\"https:\/\/www.mm-therapiepraxis.ch\/?s={search_term_string}\"},\"query-input\":{\"@type\":\"PropertyValueSpecification\",\"valueRequired\":true,\"valueName\":\"search_term_string\"}}],\"inLanguage\":\"de\"},{\"@type\":\"Organization\",\"@id\":\"https:\/\/www.mm-therapiepraxis.ch\/#organization\",\"name\":\"MM-THERAPIEPRAXIS\",\"url\":\"https:\/\/www.mm-therapiepraxis.ch\/\",\"logo\":{\"@type\":\"ImageObject\",\"inLanguage\":\"de\",\"@id\":\"https:\/\/www.mm-therapiepraxis.ch\/#\/schema\/logo\/image\/\",\"url\":\"https:\/\/www.mm-therapiepraxis.ch\/wp-content\/uploads\/2022\/11\/MM-Therapiepraxis_Visitenkarten85-\u00d7-55-mm.png\",\"contentUrl\":\"https:\/\/www.mm-therapiepraxis.ch\/wp-content\/uploads\/2022\/11\/MM-Therapiepraxis_Visitenkarten85-\u00d7-55-mm.png\",\"width\":1004,\"height\":650,\"caption\":\"MM-THERAPIEPRAXIS\"},\"image\":{\"@id\":\"https:\/\/www.mm-therapiepraxis.ch\/#\/schema\/logo\/image\/\"}}]}<\/script>\n<!-- \/ Yoast SEO plugin. -->","yoast_head_json":{"title":"Krankenkasse - MM-THERAPIEPRAXIS","description":"Als Patientinnen und Patienten von MM-Therapiepraxis haben Sie die M\u00f6glichkeit die durchgef\u00fchrten Behandlungen \u00fcber Ihre Krankenkasse abzurechnen. Die Kostenbeteiligung ist bei vielen Krankenkassen in der Schweiz gegeben.","robots":{"index":"index","follow":"follow","max-snippet":"max-snippet:-1","max-image-preview":"max-image-preview:large","max-video-preview":"max-video-preview:-1"},"canonical":"https:\/\/www.mm-therapiepraxis.ch\/?page_id=1075","og_locale":"de_DE","og_type":"article","og_title":"Krankenkasse - MM-THERAPIEPRAXIS","og_description":"Als Patientinnen und Patienten von MM-Therapiepraxis haben Sie die M\u00f6glichkeit die durchgef\u00fchrten Behandlungen \u00fcber Ihre Krankenkasse abzurechnen. Die Kostenbeteiligung ist bei vielen Krankenkassen in der Schweiz gegeben.","og_url":"https:\/\/www.mm-therapiepraxis.ch\/?page_id=1075","og_site_name":"MM-THERAPIEPRAXIS","article_modified_time":"2023-02-21T10:08:58+00:00","twitter_card":"summary_large_image","twitter_misc":{"Gesch\u00e4tzte Lesezeit":"2\u00a0Minuten"},"schema":{"@context":"https:\/\/schema.org","@graph":[{"@type":"WebPage","@id":"https:\/\/www.mm-therapiepraxis.ch\/?page_id=1075","url":"https:\/\/www.mm-therapiepraxis.ch\/?page_id=1075","name":"Krankenkasse - MM-THERAPIEPRAXIS","isPartOf":{"@id":"https:\/\/www.mm-therapiepraxis.ch\/#website"},"datePublished":"2022-11-24T18:03:24+00:00","dateModified":"2023-02-21T10:08:58+00:00","description":"Als Patientinnen und Patienten von MM-Therapiepraxis haben Sie die M\u00f6glichkeit die durchgef\u00fchrten Behandlungen \u00fcber Ihre Krankenkasse abzurechnen. Die Kostenbeteiligung ist bei vielen Krankenkassen in der Schweiz gegeben.","breadcrumb":{"@id":"https:\/\/www.mm-therapiepraxis.ch\/?page_id=1075#breadcrumb"},"inLanguage":"de","potentialAction":[{"@type":"ReadAction","target":["https:\/\/www.mm-therapiepraxis.ch\/?page_id=1075"]}]},{"@type":"BreadcrumbList","@id":"https:\/\/www.mm-therapiepraxis.ch\/?page_id=1075#breadcrumb","itemListElement":[{"@type":"ListItem","position":1,"name":"Startseite","item":"https:\/\/www.mm-therapiepraxis.ch\/"},{"@type":"ListItem","position":2,"name":"Krankenkasse"}]},{"@type":"WebSite","@id":"https:\/\/www.mm-therapiepraxis.ch\/#website","url":"https:\/\/www.mm-therapiepraxis.ch\/","name":"MM-THERAPIEPRAXIS","description":"Praxis f\u00fcr Massagen in der Altstadt Zofingen. Unabh\u00e4ngig ob Sie aus medizinischen Gr\u00fcnden oder einfach zum Entspannen vorbeikommen. G\u00f6nnen Sie Ihrem K\u00f6rper Erholung. Parkpl\u00e4tze gen\u00fcgend vorhanden. Krankenkasse anerkannt.","publisher":{"@id":"https:\/\/www.mm-therapiepraxis.ch\/#organization"},"potentialAction":[{"@type":"SearchAction","target":{"@type":"EntryPoint","urlTemplate":"https:\/\/www.mm-therapiepraxis.ch\/?s={search_term_string}"},"query-input":{"@type":"PropertyValueSpecification","valueRequired":true,"valueName":"search_term_string"}}],"inLanguage":"de"},{"@type":"Organization","@id":"https:\/\/www.mm-therapiepraxis.ch\/#organization","name":"MM-THERAPIEPRAXIS","url":"https:\/\/www.mm-therapiepraxis.ch\/","logo":{"@type":"ImageObject","inLanguage":"de","@id":"https:\/\/www.mm-therapiepraxis.ch\/#\/schema\/logo\/image\/","url":"https:\/\/www.mm-therapiepraxis.ch\/wp-content\/uploads\/2022\/11\/MM-Therapiepraxis_Visitenkarten85-\u00d7-55-mm.png","contentUrl":"https:\/\/www.mm-therapiepraxis.ch\/wp-content\/uploads\/2022\/11\/MM-Therapiepraxis_Visitenkarten85-\u00d7-55-mm.png","width":1004,"height":650,"caption":"MM-THERAPIEPRAXIS"},"image":{"@id":"https:\/\/www.mm-therapiepraxis.ch\/#\/schema\/logo\/image\/"}}]}},"_links":{"self":[{"href":"https:\/\/www.mm-therapiepraxis.ch\/index.php?rest_route=\/wp\/v2\/pages\/1075","targetHints":{"allow":["GET"]}}],"collection":[{"href":"https:\/\/www.mm-therapiepraxis.ch\/index.php?rest_route=\/wp\/v2\/pages"}],"about":[{"href":"https:\/\/www.mm-therapiepraxis.ch\/index.php?rest_route=\/wp\/v2\/types\/page"}],"author":[{"embeddable":true,"href":"https:\/\/www.mm-therapiepraxis.ch\/index.php?rest_route=\/wp\/v2\/users\/1"}],"replies":[{"embeddable":true,"href":"https:\/\/www.mm-therapiepraxis.ch\/index.php?rest_route=%2Fwp%2Fv2%2Fcomments&post=1075"}],"version-history":[{"count":32,"href":"https:\/\/www.mm-therapiepraxis.ch\/index.php?rest_route=\/wp\/v2\/pages\/1075\/revisions"}],"predecessor-version":[{"id":1461,"href":"https:\/\/www.mm-therapiepraxis.ch\/index.php?rest_route=\/wp\/v2\/pages\/1075\/revisions\/1461"}],"wp:attachment":[{"href":"https:\/\/www.mm-therapiepraxis.ch\/index.php?rest_route=%2Fwp%2Fv2%2Fmedia&parent=1075"}],"curies":[{"name":"wp","href":"https:\/\/api.w.org\/{rel}","templated":true}]}}